{"id":2848,"date":"2022-04-14T00:26:24","date_gmt":"2022-04-14T04:26:24","guid":{"rendered":"https:\/\/sacapa.org\/workforce-programs\/"},"modified":"2022-07-28T21:30:56","modified_gmt":"2022-07-28T21:30:56","slug":"workforce-programs","status":"publish","type":"page","link":"https:\/\/sacapa.org\/es\/tec-centro\/workforce-programs\/","title":{"rendered":"PROGRAMAS DE PREPARACI\u00d3N PARA EL MERCADO DE TRABAJO."},"content":{"rendered":"<p>Tec Centro ofrece cursos de capacitaci\u00f3n provechosos y a bajo costo para continuar con su desarrollo profesional y trabajar en una gran variedad de industrias. Estos cursos est\u00e1n dise\u00f1ados para preparar al individuo o estudiante de forma r\u00e1pida y completa para incorporarse a la fuerza laboral con oportunidades de crecimiento continuo. En seguida puede explorar la oferta de cursos que actualmente ofrecemos e inscribirse usando el enlace provisto.<\/p>\n<p>Los cursos podrian tener una tarifa de procesamiento de $ 25 &#8211; $ 50 m\u00e1s el costo de los libros\/uniformes, una verificaci\u00f3n de antecedentes penales y, si es necesario, un examen m\u00e9dico. Para el 90% de los programas, se requiere el diploma de la escuela Preparatoria o GED. Cada curso, a excepci\u00f3n de el de capacitaci\u00f3n en montacargas, incluye una instrucci\u00f3n de habilidades esenciales, que abarca servicio al cliente, habilidades b\u00e1sicas y componentes de preparaci\u00f3n para el trabajo.<\/p>\n<p>Los cursos podr\u00edan durar entre 3 y 9 meses dependiendo de cual se trate. Al finalizar el curso, los estudiantes recibir\u00e1n un certificado por haberlo completado y\/o certificaciones nacionales o estatales. Hay horarios para las clases por el dia y por la noche.<\/p>\n<p>\u00bfNo est\u00e1 seguro de por d\u00f3nde empezar? \u00a1Cont\u00e1ctenos al 717.509.6679 para obtener m\u00e1s informaci\u00f3n sobre las opciones disponibles para usted!<\/p>\n","protected":false},"excerpt":{"rendered":"<p>Tec Centro ofrece cursos de capacitaci\u00f3n provechosos y a bajo costo para continuar con su desarrollo profesional y trabajar en una gran variedad de industrias. Estos cursos est\u00e1n dise\u00f1ados para&#8230; <a class=\"read-more\" aria-label=\"Read more about PROGRAMAS DE PREPARACI\u00d3N PARA EL MERCADO DE TRABAJO.\" href=\"https:\/\/sacapa.org\/es\/tec-centro\/workforce-programs\/\">Read More<\/a><\/p>\n","protected":false},"author":1,"featured_media":3490,"parent":3133,"menu_order":1,"comment_status":"closed","ping_status":"closed","template":"page-workforce.php","meta":{"_monsterinsights_skip_tracking":false,"_monsterinsights_sitenote_active":false,"_monsterinsights_sitenote_note":"","_monsterinsights_sitenote_category":0,"_uf_show_specific_survey":0,"_uf_disable_surveys":false,"footnotes":""},"class_list":["post-2848","page","type-page","status-publish","has-post-thumbnail","hentry"],"acf":[],"yoast_head":"<title>PROGRAMAS DE PREPARACI\u00d3N PARA EL MERCADO DE TRABAJO. - Spanish American Civic Association<\/title>\n<meta name=\"robots\" content=\"index, follow, max-snippet:-1, max-image-preview:large, max-video-preview:-1\" \/>\n<link rel=\"canonical\" href=\"https:\/\/sacapa.org\/es\/tec-centro\/workforce-programs\/\" \/>\n<meta property=\"og:locale\" content=\"es_ES\" \/>\n<meta property=\"og:type\" content=\"article\" \/>\n<meta property=\"og:title\" content=\"PROGRAMAS DE PREPARACI\u00d3N PARA EL MERCADO DE TRABAJO. - Spanish American Civic Association\" \/>\n<meta property=\"og:description\" content=\"Tec Centro ofrece cursos de capacitaci\u00f3n provechosos y a bajo costo para continuar con su desarrollo profesional y trabajar en una gran variedad de industrias. Estos cursos est\u00e1n dise\u00f1ados para... Read More\" \/>\n<meta property=\"og:url\" content=\"https:\/\/sacapa.org\/es\/tec-centro\/workforce-programs\/\" \/>\n<meta property=\"og:site_name\" content=\"Spanish American Civic Association\" \/>\n<meta property=\"article:publisher\" content=\"https:\/\/www.facebook.com\/SACAPennsylvania\" \/>\n<meta property=\"article:modified_time\" content=\"2022-07-28T21:30:56+00:00\" \/>\n<meta property=\"og:image\" content=\"https:\/\/sacapa.org\/wp-content\/uploads\/2022\/04\/087A8089-min.jpg\" \/>\n\t<meta property=\"og:image:width\" content=\"1680\" \/>\n\t<meta property=\"og:image:height\" content=\"1120\" \/>\n\t<meta property=\"og:image:type\" content=\"image\/jpeg\" \/>\n<meta name=\"twitter:label1\" content=\"Tiempo de lectura\" \/>\n\t<meta name=\"twitter:data1\" content=\"1 minuto\" \/>\n<script type=\"application\/ld+json\" class=\"yoast-schema-graph\">{\"@context\":\"https:\/\/schema.org\",\"@graph\":[{\"@type\":\"WebPage\",\"@id\":\"https:\/\/sacapa.org\/es\/tec-centro\/workforce-programs\/\",\"url\":\"https:\/\/sacapa.org\/es\/tec-centro\/workforce-programs\/\",\"name\":\"PROGRAMAS DE PREPARACI\u00d3N PARA EL MERCADO DE TRABAJO. - Spanish American Civic Association\",\"isPartOf\":{\"@id\":\"https:\/\/sacapa.org\/es\/#website\"},\"primaryImageOfPage\":{\"@id\":\"https:\/\/sacapa.org\/es\/tec-centro\/workforce-programs\/#primaryimage\"},\"image\":{\"@id\":\"https:\/\/sacapa.org\/es\/tec-centro\/workforce-programs\/#primaryimage\"},\"thumbnailUrl\":\"https:\/\/sacapa.org\/wp-content\/uploads\/2023\/04\/thumbnail_20230209_131742.jpg\",\"datePublished\":\"2022-04-14T04:26:24+00:00\",\"dateModified\":\"2022-07-28T21:30:56+00:00\",\"breadcrumb\":{\"@id\":\"https:\/\/sacapa.org\/es\/tec-centro\/workforce-programs\/#breadcrumb\"},\"inLanguage\":\"es\",\"potentialAction\":[{\"@type\":\"ReadAction\",\"target\":[\"https:\/\/sacapa.org\/es\/tec-centro\/workforce-programs\/\"]}]},{\"@type\":\"ImageObject\",\"inLanguage\":\"es\",\"@id\":\"https:\/\/sacapa.org\/es\/tec-centro\/workforce-programs\/#primaryimage\",\"url\":\"https:\/\/sacapa.org\/wp-content\/uploads\/2023\/04\/thumbnail_20230209_131742.jpg\",\"contentUrl\":\"https:\/\/sacapa.org\/wp-content\/uploads\/2023\/04\/thumbnail_20230209_131742.jpg\",\"width\":1280,\"height\":833},{\"@type\":\"BreadcrumbList\",\"@id\":\"https:\/\/sacapa.org\/es\/tec-centro\/workforce-programs\/#breadcrumb\",\"itemListElement\":[{\"@type\":\"ListItem\",\"position\":1,\"name\":\"Home\",\"item\":\"https:\/\/sacapa.org\/es\/\"},{\"@type\":\"ListItem\",\"position\":2,\"name\":\"Tec Centro\",\"item\":\"https:\/\/sacapa.org\/es\/tec-centro\/\"},{\"@type\":\"ListItem\",\"position\":3,\"name\":\"PROGRAMAS DE PREPARACI\u00d3N PARA EL MERCADO DE TRABAJO.\"}]},{\"@type\":\"WebSite\",\"@id\":\"https:\/\/sacapa.org\/es\/#website\",\"url\":\"https:\/\/sacapa.org\/es\/\",\"name\":\"Spanish American Civic Association\",\"description\":\"See What&#039;s Possible\",\"publisher\":{\"@id\":\"https:\/\/sacapa.org\/es\/#organization\"},\"potentialAction\":[{\"@type\":\"SearchAction\",\"target\":{\"@type\":\"EntryPoint\",\"urlTemplate\":\"https:\/\/sacapa.org\/es\/?s={search_term_string}\"},\"query-input\":{\"@type\":\"PropertyValueSpecification\",\"valueRequired\":true,\"valueName\":\"search_term_string\"}}],\"inLanguage\":\"es\"},{\"@type\":\"Organization\",\"@id\":\"https:\/\/sacapa.org\/es\/#organization\",\"name\":\"Spanish American Civic Association\",\"url\":\"https:\/\/sacapa.org\/es\/\",\"logo\":{\"@type\":\"ImageObject\",\"inLanguage\":\"es\",\"@id\":\"https:\/\/sacapa.org\/es\/#\/schema\/logo\/image\/\",\"url\":\"https:\/\/sacapa.org\/wp-content\/uploads\/2022\/04\/logo-1.png\",\"contentUrl\":\"https:\/\/sacapa.org\/wp-content\/uploads\/2022\/04\/logo-1.png\",\"width\":320,\"height\":112,\"caption\":\"Spanish American Civic Association\"},\"image\":{\"@id\":\"https:\/\/sacapa.org\/es\/#\/schema\/logo\/image\/\"},\"sameAs\":[\"https:\/\/www.facebook.com\/SACAPennsylvania\",\"https:\/\/x.com\/sacalancaster\",\"https:\/\/www.linkedin.com\/company\/spanish-american-civic-association-saca-\/\"]}]}<\/script>","yoast_head_json":{"title":"PROGRAMAS DE PREPARACI\u00d3N PARA EL MERCADO DE TRABAJO. - Spanish American Civic Association","robots":{"index":"index","follow":"follow","max-snippet":"max-snippet:-1","max-image-preview":"max-image-preview:large","max-video-preview":"max-video-preview:-1"},"canonical":"https:\/\/sacapa.org\/es\/tec-centro\/workforce-programs\/","og_locale":"es_ES","og_type":"article","og_title":"PROGRAMAS DE PREPARACI\u00d3N PARA EL MERCADO DE TRABAJO. - Spanish American Civic Association","og_description":"Tec Centro ofrece cursos de capacitaci\u00f3n provechosos y a bajo costo para continuar con su desarrollo profesional y trabajar en una gran variedad de industrias. Estos cursos est\u00e1n dise\u00f1ados para... Read More","og_url":"https:\/\/sacapa.org\/es\/tec-centro\/workforce-programs\/","og_site_name":"Spanish American Civic Association","article_publisher":"https:\/\/www.facebook.com\/SACAPennsylvania","article_modified_time":"2022-07-28T21:30:56+00:00","og_image":[{"width":1680,"height":1120,"url":"https:\/\/sacapa.org\/wp-content\/uploads\/2022\/04\/087A8089-min.jpg","type":"image\/jpeg"}],"twitter_misc":{"Tiempo de lectura":"1 minuto"},"schema":{"@context":"https:\/\/schema.org","@graph":[{"@type":"WebPage","@id":"https:\/\/sacapa.org\/es\/tec-centro\/workforce-programs\/","url":"https:\/\/sacapa.org\/es\/tec-centro\/workforce-programs\/","name":"PROGRAMAS DE PREPARACI\u00d3N PARA EL MERCADO DE TRABAJO. - Spanish American Civic Association","isPartOf":{"@id":"https:\/\/sacapa.org\/es\/#website"},"primaryImageOfPage":{"@id":"https:\/\/sacapa.org\/es\/tec-centro\/workforce-programs\/#primaryimage"},"image":{"@id":"https:\/\/sacapa.org\/es\/tec-centro\/workforce-programs\/#primaryimage"},"thumbnailUrl":"https:\/\/sacapa.org\/wp-content\/uploads\/2023\/04\/thumbnail_20230209_131742.jpg","datePublished":"2022-04-14T04:26:24+00:00","dateModified":"2022-07-28T21:30:56+00:00","breadcrumb":{"@id":"https:\/\/sacapa.org\/es\/tec-centro\/workforce-programs\/#breadcrumb"},"inLanguage":"es","potentialAction":[{"@type":"ReadAction","target":["https:\/\/sacapa.org\/es\/tec-centro\/workforce-programs\/"]}]},{"@type":"ImageObject","inLanguage":"es","@id":"https:\/\/sacapa.org\/es\/tec-centro\/workforce-programs\/#primaryimage","url":"https:\/\/sacapa.org\/wp-content\/uploads\/2023\/04\/thumbnail_20230209_131742.jpg","contentUrl":"https:\/\/sacapa.org\/wp-content\/uploads\/2023\/04\/thumbnail_20230209_131742.jpg","width":1280,"height":833},{"@type":"BreadcrumbList","@id":"https:\/\/sacapa.org\/es\/tec-centro\/workforce-programs\/#breadcrumb","itemListElement":[{"@type":"ListItem","position":1,"name":"Home","item":"https:\/\/sacapa.org\/es\/"},{"@type":"ListItem","position":2,"name":"Tec Centro","item":"https:\/\/sacapa.org\/es\/tec-centro\/"},{"@type":"ListItem","position":3,"name":"PROGRAMAS DE PREPARACI\u00d3N PARA EL MERCADO DE TRABAJO."}]},{"@type":"WebSite","@id":"https:\/\/sacapa.org\/es\/#website","url":"https:\/\/sacapa.org\/es\/","name":"Spanish American Civic Association","description":"See What&#039;s Possible","publisher":{"@id":"https:\/\/sacapa.org\/es\/#organization"},"potentialAction":[{"@type":"SearchAction","target":{"@type":"EntryPoint","urlTemplate":"https:\/\/sacapa.org\/es\/?s={search_term_string}"},"query-input":{"@type":"PropertyValueSpecification","valueRequired":true,"valueName":"search_term_string"}}],"inLanguage":"es"},{"@type":"Organization","@id":"https:\/\/sacapa.org\/es\/#organization","name":"Spanish American Civic Association","url":"https:\/\/sacapa.org\/es\/","logo":{"@type":"ImageObject","inLanguage":"es","@id":"https:\/\/sacapa.org\/es\/#\/schema\/logo\/image\/","url":"https:\/\/sacapa.org\/wp-content\/uploads\/2022\/04\/logo-1.png","contentUrl":"https:\/\/sacapa.org\/wp-content\/uploads\/2022\/04\/logo-1.png","width":320,"height":112,"caption":"Spanish American Civic Association"},"image":{"@id":"https:\/\/sacapa.org\/es\/#\/schema\/logo\/image\/"},"sameAs":["https:\/\/www.facebook.com\/SACAPennsylvania","https:\/\/x.com\/sacalancaster","https:\/\/www.linkedin.com\/company\/spanish-american-civic-association-saca-\/"]}]}},"_links":{"self":[{"href":"https:\/\/sacapa.org\/es\/wp-json\/wp\/v2\/pages\/2848","targetHints":{"allow":["GET"]}}],"collection":[{"href":"https:\/\/sacapa.org\/es\/wp-json\/wp\/v2\/pages"}],"about":[{"href":"https:\/\/sacapa.org\/es\/wp-json\/wp\/v2\/types\/page"}],"author":[{"embeddable":true,"href":"https:\/\/sacapa.org\/es\/wp-json\/wp\/v2\/users\/1"}],"replies":[{"embeddable":true,"href":"https:\/\/sacapa.org\/es\/wp-json\/wp\/v2\/comments?post=2848"}],"version-history":[{"count":3,"href":"https:\/\/sacapa.org\/es\/wp-json\/wp\/v2\/pages\/2848\/revisions"}],"predecessor-version":[{"id":3139,"href":"https:\/\/sacapa.org\/es\/wp-json\/wp\/v2\/pages\/2848\/revisions\/3139"}],"up":[{"embeddable":true,"href":"https:\/\/sacapa.org\/es\/wp-json\/wp\/v2\/pages\/3133"}],"wp:featuredmedia":[{"embeddable":true,"href":"https:\/\/sacapa.org\/es\/wp-json\/wp\/v2\/media\/3490"}],"wp:attachment":[{"href":"https:\/\/sacapa.org\/es\/wp-json\/wp\/v2\/media?parent=2848"}],"curies":[{"name":"wp","href":"https:\/\/api.w.org\/{rel}","templated":true}]}}