{"id":2961,"date":"2022-05-09T17:32:43","date_gmt":"2022-05-09T17:32:43","guid":{"rendered":"https:\/\/sacapa.org\/los-servicios-de-educacion-y-prevencion-de-nuestra-clinica\/programa-de-farmacia-contratada-340b\/"},"modified":"2022-09-09T14:42:49","modified_gmt":"2022-09-09T14:42:49","slug":"programa-de-farmacia-contratada-340b","status":"publish","type":"page","link":"https:\/\/sacapa.org\/es\/los-servicios-de-educacion-y-prevencion-de-nuestra-clinica\/programa-de-farmacia-contratada-340b\/","title":{"rendered":"Programa de farmacia contratada 340B"},"content":{"rendered":"<p>Este programa ayuda a las personas que viven con el VIH\/SIDA a obtener medicamentos mediante entrega a domicilio, a bajo costo, conveniente y discreto. Esto puede incluir servicios de pedidos por correo especializados, acceso las 24 horas, los 7 d\u00edas de la semana a farmac\u00e9uticos capacitados en especialidades y seguimiento e informes de cumplimiento. El programa est\u00e1 financiado por el Programa de precios de medicamentos 340B de la Administraci\u00f3n de Recursos y Servicios de Salud (HRSA) (Programa 340B) y la Oficina de Asuntos Farmac\u00e9uticos (OPA).<\/p>\n<p><strong>Nuestra Farmacia Contratada es CCN Pharmacy<\/strong><br \/>\n<img loading=\"lazy\" decoding=\"async\" src=\"https:\/\/sacapa.org\/wp-content\/uploads\/2022\/07\/LOGO-CCN_Pharmacy_NEW-300x149.png\" alt=\"CCN Pharmacy\" width=\"300\" height=\"149\" class=\"alignleft size-medium wp-image-2977\" srcset=\"https:\/\/sacapa.org\/wp-content\/uploads\/2022\/07\/LOGO-CCN_Pharmacy_NEW-300x149.png 300w, https:\/\/sacapa.org\/wp-content\/uploads\/2022\/07\/LOGO-CCN_Pharmacy_NEW-1024x508.png 1024w, https:\/\/sacapa.org\/wp-content\/uploads\/2022\/07\/LOGO-CCN_Pharmacy_NEW-768x381.png 768w, https:\/\/sacapa.org\/wp-content\/uploads\/2022\/07\/LOGO-CCN_Pharmacy_NEW.png 1200w\" sizes=\"auto, (max-width: 300px) 100vw, 300px\" \/><\/p>\n","protected":false},"excerpt":{"rendered":"<p>Este programa ayuda a las personas que viven con el VIH\/SIDA a obtener medicamentos mediante entrega a domicilio, a bajo costo, conveniente y discreto. Esto puede incluir servicios de pedidos&#8230; <a class=\"read-more\" aria-label=\"Read more about Programa de farmacia contratada 340B\" href=\"https:\/\/sacapa.org\/es\/los-servicios-de-educacion-y-prevencion-de-nuestra-clinica\/programa-de-farmacia-contratada-340b\/\">Read More<\/a><\/p>\n","protected":false},"author":1,"featured_media":3146,"parent":2960,"menu_order":0,"comment_status":"closed","ping_status":"closed","template":"page-programs.php","meta":{"_monsterinsights_skip_tracking":false,"_monsterinsights_sitenote_active":false,"_monsterinsights_sitenote_note":"","_monsterinsights_sitenote_category":0,"_uf_show_specific_survey":0,"_uf_disable_surveys":false,"footnotes":""},"class_list":["post-2961","page","type-page","status-publish","has-post-thumbnail","hentry"],"acf":[],"yoast_head":"<title>Programa de farmacia contratada 340B - Spanish American Civic Association<\/title>\n<meta name=\"robots\" content=\"index, follow, max-snippet:-1, max-image-preview:large, max-video-preview:-1\" \/>\n<link rel=\"canonical\" href=\"https:\/\/sacapa.org\/es\/los-servicios-de-educacion-y-prevencion-de-nuestra-clinica\/programa-de-farmacia-contratada-340b\/\" \/>\n<meta property=\"og:locale\" content=\"es_ES\" \/>\n<meta property=\"og:type\" content=\"article\" \/>\n<meta property=\"og:title\" content=\"Programa de farmacia contratada 340B - Spanish American Civic Association\" \/>\n<meta property=\"og:description\" content=\"Este programa ayuda a las personas que viven con el VIH\/SIDA a obtener medicamentos mediante entrega a domicilio, a bajo costo, conveniente y discreto. Esto puede incluir servicios de pedidos... Read More\" \/>\n<meta property=\"og:url\" content=\"https:\/\/sacapa.org\/es\/los-servicios-de-educacion-y-prevencion-de-nuestra-clinica\/programa-de-farmacia-contratada-340b\/\" \/>\n<meta property=\"og:site_name\" content=\"Spanish American Civic Association\" \/>\n<meta property=\"article:publisher\" content=\"https:\/\/www.facebook.com\/SACAPennsylvania\" \/>\n<meta property=\"article:modified_time\" content=\"2022-09-09T14:42:49+00:00\" \/>\n<meta property=\"og:image\" content=\"https:\/\/sacapa.org\/wp-content\/uploads\/2022\/08\/Adherence.jpg\" \/>\n\t<meta property=\"og:image:width\" content=\"596\" \/>\n\t<meta property=\"og:image:height\" content=\"298\" \/>\n\t<meta property=\"og:image:type\" content=\"image\/jpeg\" \/>\n<script type=\"application\/ld+json\" class=\"yoast-schema-graph\">{\"@context\":\"https:\/\/schema.org\",\"@graph\":[{\"@type\":\"WebPage\",\"@id\":\"https:\/\/sacapa.org\/es\/los-servicios-de-educacion-y-prevencion-de-nuestra-clinica\/programa-de-farmacia-contratada-340b\/\",\"url\":\"https:\/\/sacapa.org\/es\/los-servicios-de-educacion-y-prevencion-de-nuestra-clinica\/programa-de-farmacia-contratada-340b\/\",\"name\":\"Programa de farmacia contratada 340B - Spanish American Civic Association\",\"isPartOf\":{\"@id\":\"https:\/\/sacapa.org\/es\/#website\"},\"primaryImageOfPage\":{\"@id\":\"https:\/\/sacapa.org\/es\/los-servicios-de-educacion-y-prevencion-de-nuestra-clinica\/programa-de-farmacia-contratada-340b\/#primaryimage\"},\"image\":{\"@id\":\"https:\/\/sacapa.org\/es\/los-servicios-de-educacion-y-prevencion-de-nuestra-clinica\/programa-de-farmacia-contratada-340b\/#primaryimage\"},\"thumbnailUrl\":\"https:\/\/sacapa.org\/wp-content\/uploads\/2022\/08\/Adherence.jpg\",\"datePublished\":\"2022-05-09T17:32:43+00:00\",\"dateModified\":\"2022-09-09T14:42:49+00:00\",\"breadcrumb\":{\"@id\":\"https:\/\/sacapa.org\/es\/los-servicios-de-educacion-y-prevencion-de-nuestra-clinica\/programa-de-farmacia-contratada-340b\/#breadcrumb\"},\"inLanguage\":\"es\",\"potentialAction\":[{\"@type\":\"ReadAction\",\"target\":[\"https:\/\/sacapa.org\/es\/los-servicios-de-educacion-y-prevencion-de-nuestra-clinica\/programa-de-farmacia-contratada-340b\/\"]}]},{\"@type\":\"ImageObject\",\"inLanguage\":\"es\",\"@id\":\"https:\/\/sacapa.org\/es\/los-servicios-de-educacion-y-prevencion-de-nuestra-clinica\/programa-de-farmacia-contratada-340b\/#primaryimage\",\"url\":\"https:\/\/sacapa.org\/wp-content\/uploads\/2022\/08\/Adherence.jpg\",\"contentUrl\":\"https:\/\/sacapa.org\/wp-content\/uploads\/2022\/08\/Adherence.jpg\",\"width\":596,\"height\":298,\"caption\":\"Adherence\"},{\"@type\":\"BreadcrumbList\",\"@id\":\"https:\/\/sacapa.org\/es\/los-servicios-de-educacion-y-prevencion-de-nuestra-clinica\/programa-de-farmacia-contratada-340b\/#breadcrumb\",\"itemListElement\":[{\"@type\":\"ListItem\",\"position\":1,\"name\":\"Home\",\"item\":\"https:\/\/sacapa.org\/es\/\"},{\"@type\":\"ListItem\",\"position\":2,\"name\":\"Los Servicios de Educaci\u00f3n y Prevenci\u00f3n de Nuestra Clinica\",\"item\":\"https:\/\/sacapa.org\/es\/los-servicios-de-educacion-y-prevencion-de-nuestra-clinica\/\"},{\"@type\":\"ListItem\",\"position\":3,\"name\":\"Programa de farmacia contratada 340B\"}]},{\"@type\":\"WebSite\",\"@id\":\"https:\/\/sacapa.org\/es\/#website\",\"url\":\"https:\/\/sacapa.org\/es\/\",\"name\":\"Spanish American Civic Association\",\"description\":\"See What&#039;s Possible\",\"publisher\":{\"@id\":\"https:\/\/sacapa.org\/es\/#organization\"},\"potentialAction\":[{\"@type\":\"SearchAction\",\"target\":{\"@type\":\"EntryPoint\",\"urlTemplate\":\"https:\/\/sacapa.org\/es\/?s={search_term_string}\"},\"query-input\":{\"@type\":\"PropertyValueSpecification\",\"valueRequired\":true,\"valueName\":\"search_term_string\"}}],\"inLanguage\":\"es\"},{\"@type\":\"Organization\",\"@id\":\"https:\/\/sacapa.org\/es\/#organization\",\"name\":\"Spanish American Civic Association\",\"url\":\"https:\/\/sacapa.org\/es\/\",\"logo\":{\"@type\":\"ImageObject\",\"inLanguage\":\"es\",\"@id\":\"https:\/\/sacapa.org\/es\/#\/schema\/logo\/image\/\",\"url\":\"https:\/\/sacapa.org\/wp-content\/uploads\/2022\/04\/logo-1.png\",\"contentUrl\":\"https:\/\/sacapa.org\/wp-content\/uploads\/2022\/04\/logo-1.png\",\"width\":320,\"height\":112,\"caption\":\"Spanish American Civic Association\"},\"image\":{\"@id\":\"https:\/\/sacapa.org\/es\/#\/schema\/logo\/image\/\"},\"sameAs\":[\"https:\/\/www.facebook.com\/SACAPennsylvania\",\"https:\/\/x.com\/sacalancaster\",\"https:\/\/www.linkedin.com\/company\/spanish-american-civic-association-saca-\/\"]}]}<\/script>","yoast_head_json":{"title":"Programa de farmacia contratada 340B - Spanish American Civic Association","robots":{"index":"index","follow":"follow","max-snippet":"max-snippet:-1","max-image-preview":"max-image-preview:large","max-video-preview":"max-video-preview:-1"},"canonical":"https:\/\/sacapa.org\/es\/los-servicios-de-educacion-y-prevencion-de-nuestra-clinica\/programa-de-farmacia-contratada-340b\/","og_locale":"es_ES","og_type":"article","og_title":"Programa de farmacia contratada 340B - Spanish American Civic Association","og_description":"Este programa ayuda a las personas que viven con el VIH\/SIDA a obtener medicamentos mediante entrega a domicilio, a bajo costo, conveniente y discreto. Esto puede incluir servicios de pedidos... Read More","og_url":"https:\/\/sacapa.org\/es\/los-servicios-de-educacion-y-prevencion-de-nuestra-clinica\/programa-de-farmacia-contratada-340b\/","og_site_name":"Spanish American Civic Association","article_publisher":"https:\/\/www.facebook.com\/SACAPennsylvania","article_modified_time":"2022-09-09T14:42:49+00:00","og_image":[{"width":596,"height":298,"url":"https:\/\/sacapa.org\/wp-content\/uploads\/2022\/08\/Adherence.jpg","type":"image\/jpeg"}],"schema":{"@context":"https:\/\/schema.org","@graph":[{"@type":"WebPage","@id":"https:\/\/sacapa.org\/es\/los-servicios-de-educacion-y-prevencion-de-nuestra-clinica\/programa-de-farmacia-contratada-340b\/","url":"https:\/\/sacapa.org\/es\/los-servicios-de-educacion-y-prevencion-de-nuestra-clinica\/programa-de-farmacia-contratada-340b\/","name":"Programa de farmacia contratada 340B - Spanish American Civic Association","isPartOf":{"@id":"https:\/\/sacapa.org\/es\/#website"},"primaryImageOfPage":{"@id":"https:\/\/sacapa.org\/es\/los-servicios-de-educacion-y-prevencion-de-nuestra-clinica\/programa-de-farmacia-contratada-340b\/#primaryimage"},"image":{"@id":"https:\/\/sacapa.org\/es\/los-servicios-de-educacion-y-prevencion-de-nuestra-clinica\/programa-de-farmacia-contratada-340b\/#primaryimage"},"thumbnailUrl":"https:\/\/sacapa.org\/wp-content\/uploads\/2022\/08\/Adherence.jpg","datePublished":"2022-05-09T17:32:43+00:00","dateModified":"2022-09-09T14:42:49+00:00","breadcrumb":{"@id":"https:\/\/sacapa.org\/es\/los-servicios-de-educacion-y-prevencion-de-nuestra-clinica\/programa-de-farmacia-contratada-340b\/#breadcrumb"},"inLanguage":"es","potentialAction":[{"@type":"ReadAction","target":["https:\/\/sacapa.org\/es\/los-servicios-de-educacion-y-prevencion-de-nuestra-clinica\/programa-de-farmacia-contratada-340b\/"]}]},{"@type":"ImageObject","inLanguage":"es","@id":"https:\/\/sacapa.org\/es\/los-servicios-de-educacion-y-prevencion-de-nuestra-clinica\/programa-de-farmacia-contratada-340b\/#primaryimage","url":"https:\/\/sacapa.org\/wp-content\/uploads\/2022\/08\/Adherence.jpg","contentUrl":"https:\/\/sacapa.org\/wp-content\/uploads\/2022\/08\/Adherence.jpg","width":596,"height":298,"caption":"Adherence"},{"@type":"BreadcrumbList","@id":"https:\/\/sacapa.org\/es\/los-servicios-de-educacion-y-prevencion-de-nuestra-clinica\/programa-de-farmacia-contratada-340b\/#breadcrumb","itemListElement":[{"@type":"ListItem","position":1,"name":"Home","item":"https:\/\/sacapa.org\/es\/"},{"@type":"ListItem","position":2,"name":"Los Servicios de Educaci\u00f3n y Prevenci\u00f3n de Nuestra Clinica","item":"https:\/\/sacapa.org\/es\/los-servicios-de-educacion-y-prevencion-de-nuestra-clinica\/"},{"@type":"ListItem","position":3,"name":"Programa de farmacia contratada 340B"}]},{"@type":"WebSite","@id":"https:\/\/sacapa.org\/es\/#website","url":"https:\/\/sacapa.org\/es\/","name":"Spanish American Civic Association","description":"See What&#039;s Possible","publisher":{"@id":"https:\/\/sacapa.org\/es\/#organization"},"potentialAction":[{"@type":"SearchAction","target":{"@type":"EntryPoint","urlTemplate":"https:\/\/sacapa.org\/es\/?s={search_term_string}"},"query-input":{"@type":"PropertyValueSpecification","valueRequired":true,"valueName":"search_term_string"}}],"inLanguage":"es"},{"@type":"Organization","@id":"https:\/\/sacapa.org\/es\/#organization","name":"Spanish American Civic Association","url":"https:\/\/sacapa.org\/es\/","logo":{"@type":"ImageObject","inLanguage":"es","@id":"https:\/\/sacapa.org\/es\/#\/schema\/logo\/image\/","url":"https:\/\/sacapa.org\/wp-content\/uploads\/2022\/04\/logo-1.png","contentUrl":"https:\/\/sacapa.org\/wp-content\/uploads\/2022\/04\/logo-1.png","width":320,"height":112,"caption":"Spanish American Civic Association"},"image":{"@id":"https:\/\/sacapa.org\/es\/#\/schema\/logo\/image\/"},"sameAs":["https:\/\/www.facebook.com\/SACAPennsylvania","https:\/\/x.com\/sacalancaster","https:\/\/www.linkedin.com\/company\/spanish-american-civic-association-saca-\/"]}]}},"_links":{"self":[{"href":"https:\/\/sacapa.org\/es\/wp-json\/wp\/v2\/pages\/2961","targetHints":{"allow":["GET"]}}],"collection":[{"href":"https:\/\/sacapa.org\/es\/wp-json\/wp\/v2\/pages"}],"about":[{"href":"https:\/\/sacapa.org\/es\/wp-json\/wp\/v2\/types\/page"}],"author":[{"embeddable":true,"href":"https:\/\/sacapa.org\/es\/wp-json\/wp\/v2\/users\/1"}],"replies":[{"embeddable":true,"href":"https:\/\/sacapa.org\/es\/wp-json\/wp\/v2\/comments?post=2961"}],"version-history":[{"count":1,"href":"https:\/\/sacapa.org\/es\/wp-json\/wp\/v2\/pages\/2961\/revisions"}],"predecessor-version":[{"id":3179,"href":"https:\/\/sacapa.org\/es\/wp-json\/wp\/v2\/pages\/2961\/revisions\/3179"}],"up":[{"embeddable":true,"href":"https:\/\/sacapa.org\/es\/wp-json\/wp\/v2\/pages\/2960"}],"wp:featuredmedia":[{"embeddable":true,"href":"https:\/\/sacapa.org\/es\/wp-json\/wp\/v2\/media\/3146"}],"wp:attachment":[{"href":"https:\/\/sacapa.org\/es\/wp-json\/wp\/v2\/media?parent=2961"}],"curies":[{"name":"wp","href":"https:\/\/api.w.org\/{rel}","templated":true}]}}