{"id":2962,"date":"2022-05-09T17:37:09","date_gmt":"2022-05-09T17:37:09","guid":{"rendered":"https:\/\/sacapa.org\/los-servicios-de-educacion-y-prevencion-de-nuestra-clinica\/programacion-de-intervencion-para-adolescentes-y-jovenes\/"},"modified":"2022-08-03T18:04:49","modified_gmt":"2022-08-03T18:04:49","slug":"programacion-de-intervencion-para-adolescentes-y-jovenes","status":"publish","type":"page","link":"https:\/\/sacapa.org\/es\/los-servicios-de-educacion-y-prevencion-de-nuestra-clinica\/programacion-de-intervencion-para-adolescentes-y-jovenes\/","title":{"rendered":"Programaci\u00f3n de intervenci\u00f3n para adolescentes y j\u00f3venes"},"content":{"rendered":"<p><strong>Programa de Educaci\u00f3n de Responsabilidad Personal<\/strong><\/p>\n<ul>\n<li>Programa de defensa de la salud RIKERS (RHAP): mejorar las habilidades de resoluci\u00f3n de problemas para la prevenci\u00f3n del VIH\/SIDA entre los j\u00f3venes de alto riesgo.<\/li>\n<li>Convertirse en un adolescente responsable (BART): ayuda a los adolescentes a aclarar sus propios valores sobre la actividad sexual, tomar decisiones que los ayudar\u00e1n a evitar infectarse con el VIH y evitar embarazos no deseados, y aprender habilidades para poner en pr\u00e1ctica sus decisiones. Incorpora la Teor\u00eda del Aprendizaje Social y la Teor\u00eda de la Autoeficacia.<\/li>\n<li>\u00a1Tomando decisiones orgullosas! \u2013 Aumenta el conocimiento, la confianza y las habilidades de los adolescentes\/adolescentes necesarios para reducir el riesgo de infecciones de transmisi\u00f3n sexual (ITS), VIH y embarazo al abstenerse de tener relaciones sexuales o usar condones si eligen tener relaciones sexuales.<\/li>\n<p>Financiado por el Commonwealth of Pennsylvania, Departamento de Salud.\n<\/ul>\n<p><strong>Programa de Prevenci\u00f3n de Drogas y Alcohol<\/strong><\/p>\n<ul>\n<li>Capacitaci\u00f3n en habilidades para la vida (LST): los estudiantes desarrollan habilidades que mejoran la autoestima, desarrollan habilidades para resolver problemas, los ayudan a reducir el estr\u00e9s y la ansiedad, y controlan la ira. Obtendr\u00e1n habilidades para enfrentar desaf\u00edos personales como superar la timidez, comunicarse claramente, construir relaciones y evitar la violencia. Adem\u00e1s de construir defensas efectivas contra las presiones para usar tabaco, alcohol y otras drogas.<\/li>\n<p>Financiado por la Comisi\u00f3n de Drogas y Alcohol del Condado de Lancaster.\n<\/ul>\n","protected":false},"excerpt":{"rendered":"<p>Programa de Educaci\u00f3n de Responsabilidad Personal Programa de defensa de la salud RIKERS (RHAP): mejorar las habilidades de resoluci\u00f3n de problemas para la prevenci\u00f3n del VIH\/SIDA entre los j\u00f3venes de&#8230; <a class=\"read-more\" aria-label=\"Read more about Programaci\u00f3n de intervenci\u00f3n para adolescentes y j\u00f3venes\" href=\"https:\/\/sacapa.org\/es\/los-servicios-de-educacion-y-prevencion-de-nuestra-clinica\/programacion-de-intervencion-para-adolescentes-y-jovenes\/\">Read More<\/a><\/p>\n","protected":false},"author":1,"featured_media":2467,"parent":2960,"menu_order":0,"comment_status":"closed","ping_status":"closed","template":"page-programs.php","meta":{"_monsterinsights_skip_tracking":false,"_monsterinsights_sitenote_active":false,"_monsterinsights_sitenote_note":"","_monsterinsights_sitenote_category":0,"_uf_show_specific_survey":0,"_uf_disable_surveys":false,"footnotes":""},"class_list":["post-2962","page","type-page","status-publish","has-post-thumbnail","hentry"],"acf":[],"yoast_head":"<title>Programaci\u00f3n de intervenci\u00f3n para adolescentes y j\u00f3venes - Spanish American Civic Association<\/title>\n<meta name=\"robots\" content=\"index, follow, max-snippet:-1, max-image-preview:large, max-video-preview:-1\" \/>\n<link rel=\"canonical\" href=\"https:\/\/sacapa.org\/es\/los-servicios-de-educacion-y-prevencion-de-nuestra-clinica\/programacion-de-intervencion-para-adolescentes-y-jovenes\/\" \/>\n<meta property=\"og:locale\" content=\"es_ES\" \/>\n<meta property=\"og:type\" content=\"article\" \/>\n<meta property=\"og:title\" content=\"Programaci\u00f3n de intervenci\u00f3n para adolescentes y j\u00f3venes - Spanish American Civic Association\" \/>\n<meta property=\"og:description\" content=\"Programa de Educaci\u00f3n de Responsabilidad Personal Programa de defensa de la salud RIKERS (RHAP): mejorar las habilidades de resoluci\u00f3n de problemas para la prevenci\u00f3n del VIH\/SIDA entre los j\u00f3venes de... Read More\" \/>\n<meta property=\"og:url\" content=\"https:\/\/sacapa.org\/es\/los-servicios-de-educacion-y-prevencion-de-nuestra-clinica\/programacion-de-intervencion-para-adolescentes-y-jovenes\/\" \/>\n<meta property=\"og:site_name\" content=\"Spanish American Civic Association\" \/>\n<meta property=\"article:publisher\" content=\"https:\/\/www.facebook.com\/SACAPennsylvania\" \/>\n<meta property=\"article:modified_time\" content=\"2022-08-03T18:04:49+00:00\" \/>\n<meta property=\"og:image\" content=\"https:\/\/sacapa.org\/wp-content\/uploads\/2022\/04\/lifeskills2.jpg\" \/>\n\t<meta property=\"og:image:width\" content=\"328\" \/>\n\t<meta property=\"og:image:height\" content=\"327\" \/>\n\t<meta property=\"og:image:type\" content=\"image\/jpeg\" \/>\n<meta name=\"twitter:label1\" content=\"Tiempo de lectura\" \/>\n\t<meta name=\"twitter:data1\" content=\"1 minuto\" \/>\n<script type=\"application\/ld+json\" class=\"yoast-schema-graph\">{\"@context\":\"https:\/\/schema.org\",\"@graph\":[{\"@type\":\"WebPage\",\"@id\":\"https:\/\/sacapa.org\/es\/los-servicios-de-educacion-y-prevencion-de-nuestra-clinica\/programacion-de-intervencion-para-adolescentes-y-jovenes\/\",\"url\":\"https:\/\/sacapa.org\/es\/los-servicios-de-educacion-y-prevencion-de-nuestra-clinica\/programacion-de-intervencion-para-adolescentes-y-jovenes\/\",\"name\":\"Programaci\u00f3n de intervenci\u00f3n para adolescentes y j\u00f3venes - Spanish American Civic Association\",\"isPartOf\":{\"@id\":\"https:\/\/sacapa.org\/es\/#website\"},\"primaryImageOfPage\":{\"@id\":\"https:\/\/sacapa.org\/es\/los-servicios-de-educacion-y-prevencion-de-nuestra-clinica\/programacion-de-intervencion-para-adolescentes-y-jovenes\/#primaryimage\"},\"image\":{\"@id\":\"https:\/\/sacapa.org\/es\/los-servicios-de-educacion-y-prevencion-de-nuestra-clinica\/programacion-de-intervencion-para-adolescentes-y-jovenes\/#primaryimage\"},\"thumbnailUrl\":\"https:\/\/sacapa.org\/wp-content\/uploads\/2022\/04\/lifeskills2.jpg\",\"datePublished\":\"2022-05-09T17:37:09+00:00\",\"dateModified\":\"2022-08-03T18:04:49+00:00\",\"breadcrumb\":{\"@id\":\"https:\/\/sacapa.org\/es\/los-servicios-de-educacion-y-prevencion-de-nuestra-clinica\/programacion-de-intervencion-para-adolescentes-y-jovenes\/#breadcrumb\"},\"inLanguage\":\"es\",\"potentialAction\":[{\"@type\":\"ReadAction\",\"target\":[\"https:\/\/sacapa.org\/es\/los-servicios-de-educacion-y-prevencion-de-nuestra-clinica\/programacion-de-intervencion-para-adolescentes-y-jovenes\/\"]}]},{\"@type\":\"ImageObject\",\"inLanguage\":\"es\",\"@id\":\"https:\/\/sacapa.org\/es\/los-servicios-de-educacion-y-prevencion-de-nuestra-clinica\/programacion-de-intervencion-para-adolescentes-y-jovenes\/#primaryimage\",\"url\":\"https:\/\/sacapa.org\/wp-content\/uploads\/2022\/04\/lifeskills2.jpg\",\"contentUrl\":\"https:\/\/sacapa.org\/wp-content\/uploads\/2022\/04\/lifeskills2.jpg\",\"width\":328,\"height\":327,\"caption\":\"Volunteer Today\"},{\"@type\":\"BreadcrumbList\",\"@id\":\"https:\/\/sacapa.org\/es\/los-servicios-de-educacion-y-prevencion-de-nuestra-clinica\/programacion-de-intervencion-para-adolescentes-y-jovenes\/#breadcrumb\",\"itemListElement\":[{\"@type\":\"ListItem\",\"position\":1,\"name\":\"Home\",\"item\":\"https:\/\/sacapa.org\/es\/\"},{\"@type\":\"ListItem\",\"position\":2,\"name\":\"Los Servicios de Educaci\u00f3n y Prevenci\u00f3n de Nuestra Clinica\",\"item\":\"https:\/\/sacapa.org\/es\/los-servicios-de-educacion-y-prevencion-de-nuestra-clinica\/\"},{\"@type\":\"ListItem\",\"position\":3,\"name\":\"Programaci\u00f3n de intervenci\u00f3n para adolescentes y j\u00f3venes\"}]},{\"@type\":\"WebSite\",\"@id\":\"https:\/\/sacapa.org\/es\/#website\",\"url\":\"https:\/\/sacapa.org\/es\/\",\"name\":\"Spanish American Civic Association\",\"description\":\"See What&#039;s Possible\",\"publisher\":{\"@id\":\"https:\/\/sacapa.org\/es\/#organization\"},\"potentialAction\":[{\"@type\":\"SearchAction\",\"target\":{\"@type\":\"EntryPoint\",\"urlTemplate\":\"https:\/\/sacapa.org\/es\/?s={search_term_string}\"},\"query-input\":{\"@type\":\"PropertyValueSpecification\",\"valueRequired\":true,\"valueName\":\"search_term_string\"}}],\"inLanguage\":\"es\"},{\"@type\":\"Organization\",\"@id\":\"https:\/\/sacapa.org\/es\/#organization\",\"name\":\"Spanish American Civic Association\",\"url\":\"https:\/\/sacapa.org\/es\/\",\"logo\":{\"@type\":\"ImageObject\",\"inLanguage\":\"es\",\"@id\":\"https:\/\/sacapa.org\/es\/#\/schema\/logo\/image\/\",\"url\":\"https:\/\/sacapa.org\/wp-content\/uploads\/2022\/04\/logo-1.png\",\"contentUrl\":\"https:\/\/sacapa.org\/wp-content\/uploads\/2022\/04\/logo-1.png\",\"width\":320,\"height\":112,\"caption\":\"Spanish American Civic Association\"},\"image\":{\"@id\":\"https:\/\/sacapa.org\/es\/#\/schema\/logo\/image\/\"},\"sameAs\":[\"https:\/\/www.facebook.com\/SACAPennsylvania\",\"https:\/\/x.com\/sacalancaster\",\"https:\/\/www.linkedin.com\/company\/spanish-american-civic-association-saca-\/\"]}]}<\/script>","yoast_head_json":{"title":"Programaci\u00f3n de intervenci\u00f3n para adolescentes y j\u00f3venes - Spanish American Civic Association","robots":{"index":"index","follow":"follow","max-snippet":"max-snippet:-1","max-image-preview":"max-image-preview:large","max-video-preview":"max-video-preview:-1"},"canonical":"https:\/\/sacapa.org\/es\/los-servicios-de-educacion-y-prevencion-de-nuestra-clinica\/programacion-de-intervencion-para-adolescentes-y-jovenes\/","og_locale":"es_ES","og_type":"article","og_title":"Programaci\u00f3n de intervenci\u00f3n para adolescentes y j\u00f3venes - Spanish American Civic Association","og_description":"Programa de Educaci\u00f3n de Responsabilidad Personal Programa de defensa de la salud RIKERS (RHAP): mejorar las habilidades de resoluci\u00f3n de problemas para la prevenci\u00f3n del VIH\/SIDA entre los j\u00f3venes de... Read More","og_url":"https:\/\/sacapa.org\/es\/los-servicios-de-educacion-y-prevencion-de-nuestra-clinica\/programacion-de-intervencion-para-adolescentes-y-jovenes\/","og_site_name":"Spanish American Civic Association","article_publisher":"https:\/\/www.facebook.com\/SACAPennsylvania","article_modified_time":"2022-08-03T18:04:49+00:00","og_image":[{"width":328,"height":327,"url":"https:\/\/sacapa.org\/wp-content\/uploads\/2022\/04\/lifeskills2.jpg","type":"image\/jpeg"}],"twitter_misc":{"Tiempo de lectura":"1 minuto"},"schema":{"@context":"https:\/\/schema.org","@graph":[{"@type":"WebPage","@id":"https:\/\/sacapa.org\/es\/los-servicios-de-educacion-y-prevencion-de-nuestra-clinica\/programacion-de-intervencion-para-adolescentes-y-jovenes\/","url":"https:\/\/sacapa.org\/es\/los-servicios-de-educacion-y-prevencion-de-nuestra-clinica\/programacion-de-intervencion-para-adolescentes-y-jovenes\/","name":"Programaci\u00f3n de intervenci\u00f3n para adolescentes y j\u00f3venes - Spanish American Civic Association","isPartOf":{"@id":"https:\/\/sacapa.org\/es\/#website"},"primaryImageOfPage":{"@id":"https:\/\/sacapa.org\/es\/los-servicios-de-educacion-y-prevencion-de-nuestra-clinica\/programacion-de-intervencion-para-adolescentes-y-jovenes\/#primaryimage"},"image":{"@id":"https:\/\/sacapa.org\/es\/los-servicios-de-educacion-y-prevencion-de-nuestra-clinica\/programacion-de-intervencion-para-adolescentes-y-jovenes\/#primaryimage"},"thumbnailUrl":"https:\/\/sacapa.org\/wp-content\/uploads\/2022\/04\/lifeskills2.jpg","datePublished":"2022-05-09T17:37:09+00:00","dateModified":"2022-08-03T18:04:49+00:00","breadcrumb":{"@id":"https:\/\/sacapa.org\/es\/los-servicios-de-educacion-y-prevencion-de-nuestra-clinica\/programacion-de-intervencion-para-adolescentes-y-jovenes\/#breadcrumb"},"inLanguage":"es","potentialAction":[{"@type":"ReadAction","target":["https:\/\/sacapa.org\/es\/los-servicios-de-educacion-y-prevencion-de-nuestra-clinica\/programacion-de-intervencion-para-adolescentes-y-jovenes\/"]}]},{"@type":"ImageObject","inLanguage":"es","@id":"https:\/\/sacapa.org\/es\/los-servicios-de-educacion-y-prevencion-de-nuestra-clinica\/programacion-de-intervencion-para-adolescentes-y-jovenes\/#primaryimage","url":"https:\/\/sacapa.org\/wp-content\/uploads\/2022\/04\/lifeskills2.jpg","contentUrl":"https:\/\/sacapa.org\/wp-content\/uploads\/2022\/04\/lifeskills2.jpg","width":328,"height":327,"caption":"Volunteer Today"},{"@type":"BreadcrumbList","@id":"https:\/\/sacapa.org\/es\/los-servicios-de-educacion-y-prevencion-de-nuestra-clinica\/programacion-de-intervencion-para-adolescentes-y-jovenes\/#breadcrumb","itemListElement":[{"@type":"ListItem","position":1,"name":"Home","item":"https:\/\/sacapa.org\/es\/"},{"@type":"ListItem","position":2,"name":"Los Servicios de Educaci\u00f3n y Prevenci\u00f3n de Nuestra Clinica","item":"https:\/\/sacapa.org\/es\/los-servicios-de-educacion-y-prevencion-de-nuestra-clinica\/"},{"@type":"ListItem","position":3,"name":"Programaci\u00f3n de intervenci\u00f3n para adolescentes y j\u00f3venes"}]},{"@type":"WebSite","@id":"https:\/\/sacapa.org\/es\/#website","url":"https:\/\/sacapa.org\/es\/","name":"Spanish American Civic Association","description":"See What&#039;s Possible","publisher":{"@id":"https:\/\/sacapa.org\/es\/#organization"},"potentialAction":[{"@type":"SearchAction","target":{"@type":"EntryPoint","urlTemplate":"https:\/\/sacapa.org\/es\/?s={search_term_string}"},"query-input":{"@type":"PropertyValueSpecification","valueRequired":true,"valueName":"search_term_string"}}],"inLanguage":"es"},{"@type":"Organization","@id":"https:\/\/sacapa.org\/es\/#organization","name":"Spanish American Civic Association","url":"https:\/\/sacapa.org\/es\/","logo":{"@type":"ImageObject","inLanguage":"es","@id":"https:\/\/sacapa.org\/es\/#\/schema\/logo\/image\/","url":"https:\/\/sacapa.org\/wp-content\/uploads\/2022\/04\/logo-1.png","contentUrl":"https:\/\/sacapa.org\/wp-content\/uploads\/2022\/04\/logo-1.png","width":320,"height":112,"caption":"Spanish American Civic Association"},"image":{"@id":"https:\/\/sacapa.org\/es\/#\/schema\/logo\/image\/"},"sameAs":["https:\/\/www.facebook.com\/SACAPennsylvania","https:\/\/x.com\/sacalancaster","https:\/\/www.linkedin.com\/company\/spanish-american-civic-association-saca-\/"]}]}},"_links":{"self":[{"href":"https:\/\/sacapa.org\/es\/wp-json\/wp\/v2\/pages\/2962","targetHints":{"allow":["GET"]}}],"collection":[{"href":"https:\/\/sacapa.org\/es\/wp-json\/wp\/v2\/pages"}],"about":[{"href":"https:\/\/sacapa.org\/es\/wp-json\/wp\/v2\/types\/page"}],"author":[{"embeddable":true,"href":"https:\/\/sacapa.org\/es\/wp-json\/wp\/v2\/users\/1"}],"replies":[{"embeddable":true,"href":"https:\/\/sacapa.org\/es\/wp-json\/wp\/v2\/comments?post=2962"}],"version-history":[{"count":1,"href":"https:\/\/sacapa.org\/es\/wp-json\/wp\/v2\/pages\/2962\/revisions"}],"predecessor-version":[{"id":3180,"href":"https:\/\/sacapa.org\/es\/wp-json\/wp\/v2\/pages\/2962\/revisions\/3180"}],"up":[{"embeddable":true,"href":"https:\/\/sacapa.org\/es\/wp-json\/wp\/v2\/pages\/2960"}],"wp:featuredmedia":[{"embeddable":true,"href":"https:\/\/sacapa.org\/es\/wp-json\/wp\/v2\/media\/2467"}],"wp:attachment":[{"href":"https:\/\/sacapa.org\/es\/wp-json\/wp\/v2\/media?parent=2962"}],"curies":[{"name":"wp","href":"https:\/\/api.w.org\/{rel}","templated":true}]}}