{"id":2964,"date":"2022-05-09T17:19:35","date_gmt":"2022-05-09T17:19:35","guid":{"rendered":"https:\/\/sacapa.org\/los-servicios-de-educacion-y-prevencion-de-nuestra-clinica\/iniciativa-de-minorias-contra-el-sida\/"},"modified":"2022-08-03T18:06:06","modified_gmt":"2022-08-03T18:06:06","slug":"iniciativa-de-minorias-contra-el-sida","status":"publish","type":"page","link":"https:\/\/sacapa.org\/es\/los-servicios-de-educacion-y-prevencion-de-nuestra-clinica\/iniciativa-de-minorias-contra-el-sida\/","title":{"rendered":"Iniciativa de minor\u00edas contra el SIDA"},"content":{"rendered":"<p>Este programa se enfoca en volver a involucrar a las personas con VIH\/SIDA que enfrentan barreras de accesibilidad, idioma y financieras para que participen en una atenci\u00f3n m\u00e9dica adecuada y esencial. Los servicios est\u00e1n financiados por el Departamento de Salud de Pensilvania, la Oficina de Enfermedades Transmisibles, la Divisi\u00f3n de Enfermedades del VIH y la Fundaci\u00f3n de Salud Jud\u00eda. Los servicios incluyen:<\/p>\n<ul>\n<li>Esfuerzos intensivos de divulgaci\u00f3n para personas de alto riesgo, clientes con condiciones com\u00f3rbidas y clientes reci\u00e9n diagnosticados con VIH<\/li>\n<li>Servicios de atenci\u00f3n al cliente<\/li>\n<li>Servicios de interpretaci\u00f3n\/traducci\u00f3n<\/li>\n<li>Transporte m\u00e9dico puerta a puerta<\/li>\n<li>Plan integral de servicios y referidos (servicios de salud mental y de drogas y alcohol)<\/li>\n<li>Adherencia a la medicaci\u00f3n<\/li>\n<li>Ayudar a obtener cobertura de seguro m\u00e9dico (Programa de Beneficios Farmac\u00e9uticos Especiales, Asistencia M\u00e9dica, ACA, Medicaid, Medicare, etc.)<\/li>\n<\/ul>\n","protected":false},"excerpt":{"rendered":"<p>Este programa se enfoca en volver a involucrar a las personas con VIH\/SIDA que enfrentan barreras de accesibilidad, idioma y financieras para que participen en una atenci\u00f3n m\u00e9dica adecuada y&#8230; <a class=\"read-more\" aria-label=\"Read more about Iniciativa de minor\u00edas contra el SIDA\" href=\"https:\/\/sacapa.org\/es\/los-servicios-de-educacion-y-prevencion-de-nuestra-clinica\/iniciativa-de-minorias-contra-el-sida\/\">Read More<\/a><\/p>\n","protected":false},"author":1,"featured_media":3144,"parent":2960,"menu_order":0,"comment_status":"closed","ping_status":"closed","template":"page-programs.php","meta":{"_monsterinsights_skip_tracking":false,"_monsterinsights_sitenote_active":false,"_monsterinsights_sitenote_note":"","_monsterinsights_sitenote_category":0,"_uf_show_specific_survey":0,"_uf_disable_surveys":false,"footnotes":""},"class_list":["post-2964","page","type-page","status-publish","has-post-thumbnail","hentry"],"acf":[],"yoast_head":"<title>Iniciativa de minor\u00edas contra el SIDA - Spanish American Civic Association<\/title>\n<meta name=\"robots\" content=\"index, follow, max-snippet:-1, max-image-preview:large, max-video-preview:-1\" \/>\n<link rel=\"canonical\" href=\"https:\/\/sacapa.org\/es\/los-servicios-de-educacion-y-prevencion-de-nuestra-clinica\/iniciativa-de-minorias-contra-el-sida\/\" \/>\n<meta property=\"og:locale\" content=\"es_ES\" \/>\n<meta property=\"og:type\" content=\"article\" \/>\n<meta property=\"og:title\" content=\"Iniciativa de minor\u00edas contra el SIDA - Spanish American Civic Association\" \/>\n<meta property=\"og:description\" content=\"Este programa se enfoca en volver a involucrar a las personas con VIH\/SIDA que enfrentan barreras de accesibilidad, idioma y financieras para que participen en una atenci\u00f3n m\u00e9dica adecuada y... Read More\" \/>\n<meta property=\"og:url\" content=\"https:\/\/sacapa.org\/es\/los-servicios-de-educacion-y-prevencion-de-nuestra-clinica\/iniciativa-de-minorias-contra-el-sida\/\" \/>\n<meta property=\"og:site_name\" content=\"Spanish American Civic Association\" \/>\n<meta property=\"article:publisher\" content=\"https:\/\/www.facebook.com\/SACAPennsylvania\" \/>\n<meta property=\"article:modified_time\" content=\"2022-08-03T18:06:06+00:00\" \/>\n<meta property=\"og:image\" content=\"https:\/\/sacapa.org\/wp-content\/uploads\/2022\/08\/Together.jpg\" \/>\n\t<meta property=\"og:image:width\" content=\"908\" \/>\n\t<meta property=\"og:image:height\" content=\"605\" \/>\n\t<meta property=\"og:image:type\" content=\"image\/jpeg\" \/>\n<meta name=\"twitter:label1\" content=\"Tiempo de lectura\" \/>\n\t<meta name=\"twitter:data1\" content=\"1 minuto\" \/>\n<script type=\"application\/ld+json\" class=\"yoast-schema-graph\">{\"@context\":\"https:\/\/schema.org\",\"@graph\":[{\"@type\":\"WebPage\",\"@id\":\"https:\/\/sacapa.org\/es\/los-servicios-de-educacion-y-prevencion-de-nuestra-clinica\/iniciativa-de-minorias-contra-el-sida\/\",\"url\":\"https:\/\/sacapa.org\/es\/los-servicios-de-educacion-y-prevencion-de-nuestra-clinica\/iniciativa-de-minorias-contra-el-sida\/\",\"name\":\"Iniciativa de minor\u00edas contra el SIDA - Spanish American Civic Association\",\"isPartOf\":{\"@id\":\"https:\/\/sacapa.org\/es\/#website\"},\"primaryImageOfPage\":{\"@id\":\"https:\/\/sacapa.org\/es\/los-servicios-de-educacion-y-prevencion-de-nuestra-clinica\/iniciativa-de-minorias-contra-el-sida\/#primaryimage\"},\"image\":{\"@id\":\"https:\/\/sacapa.org\/es\/los-servicios-de-educacion-y-prevencion-de-nuestra-clinica\/iniciativa-de-minorias-contra-el-sida\/#primaryimage\"},\"thumbnailUrl\":\"https:\/\/sacapa.org\/wp-content\/uploads\/2022\/08\/Together.jpg\",\"datePublished\":\"2022-05-09T17:19:35+00:00\",\"dateModified\":\"2022-08-03T18:06:06+00:00\",\"breadcrumb\":{\"@id\":\"https:\/\/sacapa.org\/es\/los-servicios-de-educacion-y-prevencion-de-nuestra-clinica\/iniciativa-de-minorias-contra-el-sida\/#breadcrumb\"},\"inLanguage\":\"es\",\"potentialAction\":[{\"@type\":\"ReadAction\",\"target\":[\"https:\/\/sacapa.org\/es\/los-servicios-de-educacion-y-prevencion-de-nuestra-clinica\/iniciativa-de-minorias-contra-el-sida\/\"]}]},{\"@type\":\"ImageObject\",\"inLanguage\":\"es\",\"@id\":\"https:\/\/sacapa.org\/es\/los-servicios-de-educacion-y-prevencion-de-nuestra-clinica\/iniciativa-de-minorias-contra-el-sida\/#primaryimage\",\"url\":\"https:\/\/sacapa.org\/wp-content\/uploads\/2022\/08\/Together.jpg\",\"contentUrl\":\"https:\/\/sacapa.org\/wp-content\/uploads\/2022\/08\/Together.jpg\",\"width\":908,\"height\":605,\"caption\":\"Together\"},{\"@type\":\"BreadcrumbList\",\"@id\":\"https:\/\/sacapa.org\/es\/los-servicios-de-educacion-y-prevencion-de-nuestra-clinica\/iniciativa-de-minorias-contra-el-sida\/#breadcrumb\",\"itemListElement\":[{\"@type\":\"ListItem\",\"position\":1,\"name\":\"Home\",\"item\":\"https:\/\/sacapa.org\/es\/\"},{\"@type\":\"ListItem\",\"position\":2,\"name\":\"Los Servicios de Educaci\u00f3n y Prevenci\u00f3n de Nuestra Clinica\",\"item\":\"https:\/\/sacapa.org\/es\/los-servicios-de-educacion-y-prevencion-de-nuestra-clinica\/\"},{\"@type\":\"ListItem\",\"position\":3,\"name\":\"Iniciativa de minor\u00edas contra el SIDA\"}]},{\"@type\":\"WebSite\",\"@id\":\"https:\/\/sacapa.org\/es\/#website\",\"url\":\"https:\/\/sacapa.org\/es\/\",\"name\":\"Spanish American Civic Association\",\"description\":\"See What&#039;s Possible\",\"publisher\":{\"@id\":\"https:\/\/sacapa.org\/es\/#organization\"},\"potentialAction\":[{\"@type\":\"SearchAction\",\"target\":{\"@type\":\"EntryPoint\",\"urlTemplate\":\"https:\/\/sacapa.org\/es\/?s={search_term_string}\"},\"query-input\":{\"@type\":\"PropertyValueSpecification\",\"valueRequired\":true,\"valueName\":\"search_term_string\"}}],\"inLanguage\":\"es\"},{\"@type\":\"Organization\",\"@id\":\"https:\/\/sacapa.org\/es\/#organization\",\"name\":\"Spanish American Civic Association\",\"url\":\"https:\/\/sacapa.org\/es\/\",\"logo\":{\"@type\":\"ImageObject\",\"inLanguage\":\"es\",\"@id\":\"https:\/\/sacapa.org\/es\/#\/schema\/logo\/image\/\",\"url\":\"https:\/\/sacapa.org\/wp-content\/uploads\/2022\/04\/logo-1.png\",\"contentUrl\":\"https:\/\/sacapa.org\/wp-content\/uploads\/2022\/04\/logo-1.png\",\"width\":320,\"height\":112,\"caption\":\"Spanish American Civic Association\"},\"image\":{\"@id\":\"https:\/\/sacapa.org\/es\/#\/schema\/logo\/image\/\"},\"sameAs\":[\"https:\/\/www.facebook.com\/SACAPennsylvania\",\"https:\/\/x.com\/sacalancaster\",\"https:\/\/www.linkedin.com\/company\/spanish-american-civic-association-saca-\/\"]}]}<\/script>","yoast_head_json":{"title":"Iniciativa de minor\u00edas contra el SIDA - Spanish American Civic Association","robots":{"index":"index","follow":"follow","max-snippet":"max-snippet:-1","max-image-preview":"max-image-preview:large","max-video-preview":"max-video-preview:-1"},"canonical":"https:\/\/sacapa.org\/es\/los-servicios-de-educacion-y-prevencion-de-nuestra-clinica\/iniciativa-de-minorias-contra-el-sida\/","og_locale":"es_ES","og_type":"article","og_title":"Iniciativa de minor\u00edas contra el SIDA - Spanish American Civic Association","og_description":"Este programa se enfoca en volver a involucrar a las personas con VIH\/SIDA que enfrentan barreras de accesibilidad, idioma y financieras para que participen en una atenci\u00f3n m\u00e9dica adecuada y... Read More","og_url":"https:\/\/sacapa.org\/es\/los-servicios-de-educacion-y-prevencion-de-nuestra-clinica\/iniciativa-de-minorias-contra-el-sida\/","og_site_name":"Spanish American Civic Association","article_publisher":"https:\/\/www.facebook.com\/SACAPennsylvania","article_modified_time":"2022-08-03T18:06:06+00:00","og_image":[{"width":908,"height":605,"url":"https:\/\/sacapa.org\/wp-content\/uploads\/2022\/08\/Together.jpg","type":"image\/jpeg"}],"twitter_misc":{"Tiempo de lectura":"1 minuto"},"schema":{"@context":"https:\/\/schema.org","@graph":[{"@type":"WebPage","@id":"https:\/\/sacapa.org\/es\/los-servicios-de-educacion-y-prevencion-de-nuestra-clinica\/iniciativa-de-minorias-contra-el-sida\/","url":"https:\/\/sacapa.org\/es\/los-servicios-de-educacion-y-prevencion-de-nuestra-clinica\/iniciativa-de-minorias-contra-el-sida\/","name":"Iniciativa de minor\u00edas contra el SIDA - Spanish American Civic Association","isPartOf":{"@id":"https:\/\/sacapa.org\/es\/#website"},"primaryImageOfPage":{"@id":"https:\/\/sacapa.org\/es\/los-servicios-de-educacion-y-prevencion-de-nuestra-clinica\/iniciativa-de-minorias-contra-el-sida\/#primaryimage"},"image":{"@id":"https:\/\/sacapa.org\/es\/los-servicios-de-educacion-y-prevencion-de-nuestra-clinica\/iniciativa-de-minorias-contra-el-sida\/#primaryimage"},"thumbnailUrl":"https:\/\/sacapa.org\/wp-content\/uploads\/2022\/08\/Together.jpg","datePublished":"2022-05-09T17:19:35+00:00","dateModified":"2022-08-03T18:06:06+00:00","breadcrumb":{"@id":"https:\/\/sacapa.org\/es\/los-servicios-de-educacion-y-prevencion-de-nuestra-clinica\/iniciativa-de-minorias-contra-el-sida\/#breadcrumb"},"inLanguage":"es","potentialAction":[{"@type":"ReadAction","target":["https:\/\/sacapa.org\/es\/los-servicios-de-educacion-y-prevencion-de-nuestra-clinica\/iniciativa-de-minorias-contra-el-sida\/"]}]},{"@type":"ImageObject","inLanguage":"es","@id":"https:\/\/sacapa.org\/es\/los-servicios-de-educacion-y-prevencion-de-nuestra-clinica\/iniciativa-de-minorias-contra-el-sida\/#primaryimage","url":"https:\/\/sacapa.org\/wp-content\/uploads\/2022\/08\/Together.jpg","contentUrl":"https:\/\/sacapa.org\/wp-content\/uploads\/2022\/08\/Together.jpg","width":908,"height":605,"caption":"Together"},{"@type":"BreadcrumbList","@id":"https:\/\/sacapa.org\/es\/los-servicios-de-educacion-y-prevencion-de-nuestra-clinica\/iniciativa-de-minorias-contra-el-sida\/#breadcrumb","itemListElement":[{"@type":"ListItem","position":1,"name":"Home","item":"https:\/\/sacapa.org\/es\/"},{"@type":"ListItem","position":2,"name":"Los Servicios de Educaci\u00f3n y Prevenci\u00f3n de Nuestra Clinica","item":"https:\/\/sacapa.org\/es\/los-servicios-de-educacion-y-prevencion-de-nuestra-clinica\/"},{"@type":"ListItem","position":3,"name":"Iniciativa de minor\u00edas contra el SIDA"}]},{"@type":"WebSite","@id":"https:\/\/sacapa.org\/es\/#website","url":"https:\/\/sacapa.org\/es\/","name":"Spanish American Civic Association","description":"See What&#039;s Possible","publisher":{"@id":"https:\/\/sacapa.org\/es\/#organization"},"potentialAction":[{"@type":"SearchAction","target":{"@type":"EntryPoint","urlTemplate":"https:\/\/sacapa.org\/es\/?s={search_term_string}"},"query-input":{"@type":"PropertyValueSpecification","valueRequired":true,"valueName":"search_term_string"}}],"inLanguage":"es"},{"@type":"Organization","@id":"https:\/\/sacapa.org\/es\/#organization","name":"Spanish American Civic Association","url":"https:\/\/sacapa.org\/es\/","logo":{"@type":"ImageObject","inLanguage":"es","@id":"https:\/\/sacapa.org\/es\/#\/schema\/logo\/image\/","url":"https:\/\/sacapa.org\/wp-content\/uploads\/2022\/04\/logo-1.png","contentUrl":"https:\/\/sacapa.org\/wp-content\/uploads\/2022\/04\/logo-1.png","width":320,"height":112,"caption":"Spanish American Civic Association"},"image":{"@id":"https:\/\/sacapa.org\/es\/#\/schema\/logo\/image\/"},"sameAs":["https:\/\/www.facebook.com\/SACAPennsylvania","https:\/\/x.com\/sacalancaster","https:\/\/www.linkedin.com\/company\/spanish-american-civic-association-saca-\/"]}]}},"_links":{"self":[{"href":"https:\/\/sacapa.org\/es\/wp-json\/wp\/v2\/pages\/2964","targetHints":{"allow":["GET"]}}],"collection":[{"href":"https:\/\/sacapa.org\/es\/wp-json\/wp\/v2\/pages"}],"about":[{"href":"https:\/\/sacapa.org\/es\/wp-json\/wp\/v2\/types\/page"}],"author":[{"embeddable":true,"href":"https:\/\/sacapa.org\/es\/wp-json\/wp\/v2\/users\/1"}],"replies":[{"embeddable":true,"href":"https:\/\/sacapa.org\/es\/wp-json\/wp\/v2\/comments?post=2964"}],"version-history":[{"count":2,"href":"https:\/\/sacapa.org\/es\/wp-json\/wp\/v2\/pages\/2964\/revisions"}],"predecessor-version":[{"id":3182,"href":"https:\/\/sacapa.org\/es\/wp-json\/wp\/v2\/pages\/2964\/revisions\/3182"}],"up":[{"embeddable":true,"href":"https:\/\/sacapa.org\/es\/wp-json\/wp\/v2\/pages\/2960"}],"wp:featuredmedia":[{"embeddable":true,"href":"https:\/\/sacapa.org\/es\/wp-json\/wp\/v2\/media\/3144"}],"wp:attachment":[{"href":"https:\/\/sacapa.org\/es\/wp-json\/wp\/v2\/media?parent=2964"}],"curies":[{"name":"wp","href":"https:\/\/api.w.org\/{rel}","templated":true}]}}