{"id":2965,"date":"2022-05-09T16:47:05","date_gmt":"2022-05-09T16:47:05","guid":{"rendered":"https:\/\/sacapa.org\/los-servicios-de-educacion-y-prevencion-de-nuestra-clinica\/servicios-ryan-white-parte-b-para-personas-que-viven-con-vih-sida-plwha\/"},"modified":"2022-08-03T18:06:48","modified_gmt":"2022-08-03T18:06:48","slug":"servicios-ryan-white-parte-b-para-personas-que-viven-con-vih-sida-plwha","status":"publish","type":"page","link":"https:\/\/sacapa.org\/es\/los-servicios-de-educacion-y-prevencion-de-nuestra-clinica\/servicios-ryan-white-parte-b-para-personas-que-viven-con-vih-sida-plwha\/","title":{"rendered":"Servicios Ryan White Parte B para personas que viven con VIH\/SIDA (PLWHA)"},"content":{"rendered":"<p>El programa de Ryan White VIH\/SIDA (RWHAP) proporciona un sistema integral de atenci\u00f3n para garantizar que las personas de bajos ingresos que viven con el VIH\/SIDA (PLWHA) reciban atenci\u00f3n y tratamiento \u00f3ptimos. Los fondos de la Parte B de Ryan White se utilizan para respaldar los servicios m\u00e9dicos, incluidos los medicamentos y los servicios de apoyo. SACA y NCEPS se enorgullecen de asociarse con RWHAP para brindar los siguientes servicios. Estos servicios est\u00e1n financiados por el Departamento de Salud, la Oficina de VIH\/SIDA y por Family Health Council of Central PA, Inc.<\/p>\n<p><strong>Asistencia financiera de emergencia <em>\u2013 <\/em>alimentos y servicios de utilidades (pagador de \u00faltimo recurso)<\/strong> <\/p>\n<ul>\n<li>Cup\u00f3n de banco de alimentos de emergencia<\/li>\n<li>Tarjeta de regalo de emergencia para comida<\/li>\n<li>Servicios de emergencia (agua, alcantarillado\/basura, gas, electricidad, propano, gr\u00e1nulos de aceite, etc.)<\/li>\n<li>Tarifas de reconexi\u00f3n<\/li>\n<li>Asesoramiento financiero<\/li>\n<li>Asistencia con la solicitud de planes de pago para servicios de utilidades<\/li>\n<\/ul>\n<p><strong>Adquisici\u00f3n de identificaci\u00f3n de emergencia &#8211; (Pagador de \u00faltimo recurso) <em><\/em><\/strong><\/p>\n<ul>\n<li>Costo de identificaci\u00f3n (acta de nacimiento, tarjeta de seguro social, identificaci\u00f3n con foto emitida por el estado, etc.)<\/li>\n<\/ul>\n<p><strong>Banco de Alimentos\/Comidas Entregadas a Domicilio &#8211; (Pagador de \u00daltimo Recurso) <em><\/em><\/strong><\/p>\n<ul>\n<li>Comidas calientes, cupones de alimentos y banco de alimentos<\/li>\n<li>Productos de higiene personal<\/li>\n<li>Sistema de filtraci\u00f3n de agua personal (solo en comunidades donde existen problemas de seguridad del agua)<\/li>\n<\/ul>\n<p><strong>Seguro M\u00e9dico \u2013 (Pagador de \u00daltimo Recurso) <em><\/em><\/strong><\/p>\n<ul>\n<li>Asistencia con primas de seguro m\u00e9dico, deducibles y copagos (seguro privado, Medicaid, ACA, SPBP, COBRA MAWD, etc.)<\/li>\n<li>Primas de Medicare (Medicare) para la Parte B, solo cuando est\u00e1 pagando la Parte D<\/li>\n<li>Primas de Medicare (Medicare) para la Parte C, solo si el plan incluye cobertura de recetas o si tambi\u00e9n est\u00e1 pagando la Parte D<\/li>\n<\/ul>\n<p><strong>Manejador de casos m\u00e9dicos<\/strong><\/p>\n<ul>\n<li>Evaluaci\u00f3n de necesidades<\/li>\n<li>Coordinaci\u00f3n y seguimiento del tratamiento m\u00e9dico<\/li>\n<li>Consejer\u00eda de adherencia a la medicaci\u00f3n<\/li>\n<li>Desarrollo de un plan integral de servicio individualizado<\/li>\n<li>Servicios de traducci\u00f3n\/interpretaci\u00f3n<\/li>\n<li>Coordinaci\u00f3n de servicios de apoyo para ayudar a mantener la atenci\u00f3n m\u00e9dica<\/li>\n<li>Ayudar a obtener cobertura de seguro m\u00e9dico<\/li>\n<li>) Solicitar otros programas como: Seguridad de Ingreso Suplementario (SSI) o Asistencia Temporal para Familias Necesitadas (TANF)<\/li>\n<li>abrogaci\u00f3n al cliente<\/li>\n<li>Servicios de salud mental y de drogas y alcohol para pacientes ambulatorios\/internados<\/li>\n<\/ul>\n<p><strong>Ryan White Housing &#8211; (Pagador de \u00faltimo recurso) <em><\/em><\/strong><\/p>\n<ul>\n<li>Apoyo de vivienda m\u00e9dica (trastorno de uso de sustancias residenciales, salud mental, cuidado de crianza o servicios de vida asistida)<\/li>\n<li>Asistencia de alquiler para la Secci\u00f3n 8 o vivienda p\u00fablica para evitar la falta de vivienda<\/li>\n<li>Alojamiento temporal<\/li>\n<li>Asistencia de renta para el primer y\/o \u00faltimo mes<\/li>\n<li>Costos de aplicaci\u00f3n<\/li>\n<li>Asesoramiento financiero<\/li>\n<\/ul>\n<p><strong>Servicios de transporte m\u00e9dico<\/strong><\/p>\n<ul>\n<li>Pase de autob\u00fas de transporte p\u00fablico<\/li>\n<li>Transportaci\u00f3n puerta a puerta hacia\/desde citas m\u00e9dicas<\/li>\n<\/ul>\n<p><strong>Grupo de Apoyo Psicosocial<\/strong><\/p>\n<ul>\n<li>Consejer\u00eda\/apoyo grupal e individual para problemas de salud f\u00edsica o del comportamiento<\/li>\n<li>Grupos de apoyo para el VIH<\/li>\n<\/ul>\n<p><strong>Servicios de Oportunidades de Vivienda para Personas con SIDA (HOPWA)<\/strong><\/p>\n<ul>\n<li>Asistencia de alquiler basada en inquilinos (TBRA)<\/li>\n<li>Alquiler a corto plazo, hipoteca y servicios p\u00fablicos (STRMU)<\/li>\n<li>Colocaci\u00f3n de Vivienda Permanente (PHP)<\/li>\n<li>Asesoramiento financiero<\/li>\n<\/ul>\n","protected":false},"excerpt":{"rendered":"<p>El programa de Ryan White VIH\/SIDA (RWHAP) proporciona un sistema integral de atenci\u00f3n para garantizar que las personas de bajos ingresos que viven con el VIH\/SIDA (PLWHA) reciban atenci\u00f3n y&#8230; <a class=\"read-more\" aria-label=\"Read more about Servicios Ryan White Parte B para personas que viven con VIH\/SIDA (PLWHA)\" href=\"https:\/\/sacapa.org\/es\/los-servicios-de-educacion-y-prevencion-de-nuestra-clinica\/servicios-ryan-white-parte-b-para-personas-que-viven-con-vih-sida-plwha\/\">Read More<\/a><\/p>\n","protected":false},"author":1,"featured_media":3161,"parent":2960,"menu_order":0,"comment_status":"closed","ping_status":"closed","template":"page-programs.php","meta":{"_monsterinsights_skip_tracking":false,"_monsterinsights_sitenote_active":false,"_monsterinsights_sitenote_note":"","_monsterinsights_sitenote_category":0,"_uf_show_specific_survey":0,"_uf_disable_surveys":false,"footnotes":""},"class_list":["post-2965","page","type-page","status-publish","has-post-thumbnail","hentry"],"acf":[],"yoast_head":"<title>Servicios Ryan White Parte B para personas que viven con VIH\/SIDA (PLWHA) - Spanish American Civic Association<\/title>\n<meta name=\"robots\" content=\"index, follow, max-snippet:-1, max-image-preview:large, max-video-preview:-1\" \/>\n<link rel=\"canonical\" href=\"https:\/\/sacapa.org\/es\/los-servicios-de-educacion-y-prevencion-de-nuestra-clinica\/servicios-ryan-white-parte-b-para-personas-que-viven-con-vih-sida-plwha\/\" \/>\n<meta property=\"og:locale\" content=\"es_ES\" \/>\n<meta property=\"og:type\" content=\"article\" \/>\n<meta property=\"og:title\" content=\"Servicios Ryan White Parte B para personas que viven con VIH\/SIDA (PLWHA) - Spanish American Civic Association\" \/>\n<meta property=\"og:description\" content=\"El programa de Ryan White VIH\/SIDA (RWHAP) proporciona un sistema integral de atenci\u00f3n para garantizar que las personas de bajos ingresos que viven con el VIH\/SIDA (PLWHA) reciban atenci\u00f3n y... Read More\" \/>\n<meta property=\"og:url\" content=\"https:\/\/sacapa.org\/es\/los-servicios-de-educacion-y-prevencion-de-nuestra-clinica\/servicios-ryan-white-parte-b-para-personas-que-viven-con-vih-sida-plwha\/\" \/>\n<meta property=\"og:site_name\" content=\"Spanish American Civic Association\" \/>\n<meta property=\"article:publisher\" content=\"https:\/\/www.facebook.com\/SACAPennsylvania\" \/>\n<meta property=\"article:modified_time\" content=\"2022-08-03T18:06:48+00:00\" \/>\n<meta property=\"og:image\" content=\"https:\/\/sacapa.org\/wp-content\/uploads\/2022\/08\/care-continuum-banner2.jpg\" \/>\n\t<meta property=\"og:image:width\" content=\"972\" \/>\n\t<meta property=\"og:image:height\" content=\"702\" \/>\n\t<meta property=\"og:image:type\" content=\"image\/jpeg\" \/>\n<meta name=\"twitter:label1\" content=\"Tiempo de lectura\" \/>\n\t<meta name=\"twitter:data1\" content=\"3 minutos\" \/>\n<script type=\"application\/ld+json\" class=\"yoast-schema-graph\">{\"@context\":\"https:\/\/schema.org\",\"@graph\":[{\"@type\":\"WebPage\",\"@id\":\"https:\/\/sacapa.org\/es\/los-servicios-de-educacion-y-prevencion-de-nuestra-clinica\/servicios-ryan-white-parte-b-para-personas-que-viven-con-vih-sida-plwha\/\",\"url\":\"https:\/\/sacapa.org\/es\/los-servicios-de-educacion-y-prevencion-de-nuestra-clinica\/servicios-ryan-white-parte-b-para-personas-que-viven-con-vih-sida-plwha\/\",\"name\":\"Servicios Ryan White Parte B para personas que viven con VIH\/SIDA (PLWHA) - Spanish American Civic Association\",\"isPartOf\":{\"@id\":\"https:\/\/sacapa.org\/es\/#website\"},\"primaryImageOfPage\":{\"@id\":\"https:\/\/sacapa.org\/es\/los-servicios-de-educacion-y-prevencion-de-nuestra-clinica\/servicios-ryan-white-parte-b-para-personas-que-viven-con-vih-sida-plwha\/#primaryimage\"},\"image\":{\"@id\":\"https:\/\/sacapa.org\/es\/los-servicios-de-educacion-y-prevencion-de-nuestra-clinica\/servicios-ryan-white-parte-b-para-personas-que-viven-con-vih-sida-plwha\/#primaryimage\"},\"thumbnailUrl\":\"https:\/\/sacapa.org\/wp-content\/uploads\/2022\/08\/care-continuum-banner2.jpg\",\"datePublished\":\"2022-05-09T16:47:05+00:00\",\"dateModified\":\"2022-08-03T18:06:48+00:00\",\"breadcrumb\":{\"@id\":\"https:\/\/sacapa.org\/es\/los-servicios-de-educacion-y-prevencion-de-nuestra-clinica\/servicios-ryan-white-parte-b-para-personas-que-viven-con-vih-sida-plwha\/#breadcrumb\"},\"inLanguage\":\"es\",\"potentialAction\":[{\"@type\":\"ReadAction\",\"target\":[\"https:\/\/sacapa.org\/es\/los-servicios-de-educacion-y-prevencion-de-nuestra-clinica\/servicios-ryan-white-parte-b-para-personas-que-viven-con-vih-sida-plwha\/\"]}]},{\"@type\":\"ImageObject\",\"inLanguage\":\"es\",\"@id\":\"https:\/\/sacapa.org\/es\/los-servicios-de-educacion-y-prevencion-de-nuestra-clinica\/servicios-ryan-white-parte-b-para-personas-que-viven-con-vih-sida-plwha\/#primaryimage\",\"url\":\"https:\/\/sacapa.org\/wp-content\/uploads\/2022\/08\/care-continuum-banner2.jpg\",\"contentUrl\":\"https:\/\/sacapa.org\/wp-content\/uploads\/2022\/08\/care-continuum-banner2.jpg\",\"width\":972,\"height\":702,\"caption\":\"HIV care continuum\"},{\"@type\":\"BreadcrumbList\",\"@id\":\"https:\/\/sacapa.org\/es\/los-servicios-de-educacion-y-prevencion-de-nuestra-clinica\/servicios-ryan-white-parte-b-para-personas-que-viven-con-vih-sida-plwha\/#breadcrumb\",\"itemListElement\":[{\"@type\":\"ListItem\",\"position\":1,\"name\":\"Home\",\"item\":\"https:\/\/sacapa.org\/es\/\"},{\"@type\":\"ListItem\",\"position\":2,\"name\":\"Los Servicios de Educaci\u00f3n y Prevenci\u00f3n de Nuestra Clinica\",\"item\":\"https:\/\/sacapa.org\/es\/los-servicios-de-educacion-y-prevencion-de-nuestra-clinica\/\"},{\"@type\":\"ListItem\",\"position\":3,\"name\":\"Servicios Ryan White Parte B para personas que viven con VIH\/SIDA (PLWHA)\"}]},{\"@type\":\"WebSite\",\"@id\":\"https:\/\/sacapa.org\/es\/#website\",\"url\":\"https:\/\/sacapa.org\/es\/\",\"name\":\"Spanish American Civic Association\",\"description\":\"See What&#039;s Possible\",\"publisher\":{\"@id\":\"https:\/\/sacapa.org\/es\/#organization\"},\"potentialAction\":[{\"@type\":\"SearchAction\",\"target\":{\"@type\":\"EntryPoint\",\"urlTemplate\":\"https:\/\/sacapa.org\/es\/?s={search_term_string}\"},\"query-input\":{\"@type\":\"PropertyValueSpecification\",\"valueRequired\":true,\"valueName\":\"search_term_string\"}}],\"inLanguage\":\"es\"},{\"@type\":\"Organization\",\"@id\":\"https:\/\/sacapa.org\/es\/#organization\",\"name\":\"Spanish American Civic Association\",\"url\":\"https:\/\/sacapa.org\/es\/\",\"logo\":{\"@type\":\"ImageObject\",\"inLanguage\":\"es\",\"@id\":\"https:\/\/sacapa.org\/es\/#\/schema\/logo\/image\/\",\"url\":\"https:\/\/sacapa.org\/wp-content\/uploads\/2022\/04\/logo-1.png\",\"contentUrl\":\"https:\/\/sacapa.org\/wp-content\/uploads\/2022\/04\/logo-1.png\",\"width\":320,\"height\":112,\"caption\":\"Spanish American Civic Association\"},\"image\":{\"@id\":\"https:\/\/sacapa.org\/es\/#\/schema\/logo\/image\/\"},\"sameAs\":[\"https:\/\/www.facebook.com\/SACAPennsylvania\",\"https:\/\/x.com\/sacalancaster\",\"https:\/\/www.linkedin.com\/company\/spanish-american-civic-association-saca-\/\"]}]}<\/script>","yoast_head_json":{"title":"Servicios Ryan White Parte B para personas que viven con VIH\/SIDA (PLWHA) - Spanish American Civic Association","robots":{"index":"index","follow":"follow","max-snippet":"max-snippet:-1","max-image-preview":"max-image-preview:large","max-video-preview":"max-video-preview:-1"},"canonical":"https:\/\/sacapa.org\/es\/los-servicios-de-educacion-y-prevencion-de-nuestra-clinica\/servicios-ryan-white-parte-b-para-personas-que-viven-con-vih-sida-plwha\/","og_locale":"es_ES","og_type":"article","og_title":"Servicios Ryan White Parte B para personas que viven con VIH\/SIDA (PLWHA) - Spanish American Civic Association","og_description":"El programa de Ryan White VIH\/SIDA (RWHAP) proporciona un sistema integral de atenci\u00f3n para garantizar que las personas de bajos ingresos que viven con el VIH\/SIDA (PLWHA) reciban atenci\u00f3n y... Read More","og_url":"https:\/\/sacapa.org\/es\/los-servicios-de-educacion-y-prevencion-de-nuestra-clinica\/servicios-ryan-white-parte-b-para-personas-que-viven-con-vih-sida-plwha\/","og_site_name":"Spanish American Civic Association","article_publisher":"https:\/\/www.facebook.com\/SACAPennsylvania","article_modified_time":"2022-08-03T18:06:48+00:00","og_image":[{"width":972,"height":702,"url":"https:\/\/sacapa.org\/wp-content\/uploads\/2022\/08\/care-continuum-banner2.jpg","type":"image\/jpeg"}],"twitter_misc":{"Tiempo de lectura":"3 minutos"},"schema":{"@context":"https:\/\/schema.org","@graph":[{"@type":"WebPage","@id":"https:\/\/sacapa.org\/es\/los-servicios-de-educacion-y-prevencion-de-nuestra-clinica\/servicios-ryan-white-parte-b-para-personas-que-viven-con-vih-sida-plwha\/","url":"https:\/\/sacapa.org\/es\/los-servicios-de-educacion-y-prevencion-de-nuestra-clinica\/servicios-ryan-white-parte-b-para-personas-que-viven-con-vih-sida-plwha\/","name":"Servicios Ryan White Parte B para personas que viven con VIH\/SIDA (PLWHA) - Spanish American Civic Association","isPartOf":{"@id":"https:\/\/sacapa.org\/es\/#website"},"primaryImageOfPage":{"@id":"https:\/\/sacapa.org\/es\/los-servicios-de-educacion-y-prevencion-de-nuestra-clinica\/servicios-ryan-white-parte-b-para-personas-que-viven-con-vih-sida-plwha\/#primaryimage"},"image":{"@id":"https:\/\/sacapa.org\/es\/los-servicios-de-educacion-y-prevencion-de-nuestra-clinica\/servicios-ryan-white-parte-b-para-personas-que-viven-con-vih-sida-plwha\/#primaryimage"},"thumbnailUrl":"https:\/\/sacapa.org\/wp-content\/uploads\/2022\/08\/care-continuum-banner2.jpg","datePublished":"2022-05-09T16:47:05+00:00","dateModified":"2022-08-03T18:06:48+00:00","breadcrumb":{"@id":"https:\/\/sacapa.org\/es\/los-servicios-de-educacion-y-prevencion-de-nuestra-clinica\/servicios-ryan-white-parte-b-para-personas-que-viven-con-vih-sida-plwha\/#breadcrumb"},"inLanguage":"es","potentialAction":[{"@type":"ReadAction","target":["https:\/\/sacapa.org\/es\/los-servicios-de-educacion-y-prevencion-de-nuestra-clinica\/servicios-ryan-white-parte-b-para-personas-que-viven-con-vih-sida-plwha\/"]}]},{"@type":"ImageObject","inLanguage":"es","@id":"https:\/\/sacapa.org\/es\/los-servicios-de-educacion-y-prevencion-de-nuestra-clinica\/servicios-ryan-white-parte-b-para-personas-que-viven-con-vih-sida-plwha\/#primaryimage","url":"https:\/\/sacapa.org\/wp-content\/uploads\/2022\/08\/care-continuum-banner2.jpg","contentUrl":"https:\/\/sacapa.org\/wp-content\/uploads\/2022\/08\/care-continuum-banner2.jpg","width":972,"height":702,"caption":"HIV care continuum"},{"@type":"BreadcrumbList","@id":"https:\/\/sacapa.org\/es\/los-servicios-de-educacion-y-prevencion-de-nuestra-clinica\/servicios-ryan-white-parte-b-para-personas-que-viven-con-vih-sida-plwha\/#breadcrumb","itemListElement":[{"@type":"ListItem","position":1,"name":"Home","item":"https:\/\/sacapa.org\/es\/"},{"@type":"ListItem","position":2,"name":"Los Servicios de Educaci\u00f3n y Prevenci\u00f3n de Nuestra Clinica","item":"https:\/\/sacapa.org\/es\/los-servicios-de-educacion-y-prevencion-de-nuestra-clinica\/"},{"@type":"ListItem","position":3,"name":"Servicios Ryan White Parte B para personas que viven con VIH\/SIDA (PLWHA)"}]},{"@type":"WebSite","@id":"https:\/\/sacapa.org\/es\/#website","url":"https:\/\/sacapa.org\/es\/","name":"Spanish American Civic Association","description":"See What&#039;s Possible","publisher":{"@id":"https:\/\/sacapa.org\/es\/#organization"},"potentialAction":[{"@type":"SearchAction","target":{"@type":"EntryPoint","urlTemplate":"https:\/\/sacapa.org\/es\/?s={search_term_string}"},"query-input":{"@type":"PropertyValueSpecification","valueRequired":true,"valueName":"search_term_string"}}],"inLanguage":"es"},{"@type":"Organization","@id":"https:\/\/sacapa.org\/es\/#organization","name":"Spanish American Civic Association","url":"https:\/\/sacapa.org\/es\/","logo":{"@type":"ImageObject","inLanguage":"es","@id":"https:\/\/sacapa.org\/es\/#\/schema\/logo\/image\/","url":"https:\/\/sacapa.org\/wp-content\/uploads\/2022\/04\/logo-1.png","contentUrl":"https:\/\/sacapa.org\/wp-content\/uploads\/2022\/04\/logo-1.png","width":320,"height":112,"caption":"Spanish American Civic Association"},"image":{"@id":"https:\/\/sacapa.org\/es\/#\/schema\/logo\/image\/"},"sameAs":["https:\/\/www.facebook.com\/SACAPennsylvania","https:\/\/x.com\/sacalancaster","https:\/\/www.linkedin.com\/company\/spanish-american-civic-association-saca-\/"]}]}},"_links":{"self":[{"href":"https:\/\/sacapa.org\/es\/wp-json\/wp\/v2\/pages\/2965","targetHints":{"allow":["GET"]}}],"collection":[{"href":"https:\/\/sacapa.org\/es\/wp-json\/wp\/v2\/pages"}],"about":[{"href":"https:\/\/sacapa.org\/es\/wp-json\/wp\/v2\/types\/page"}],"author":[{"embeddable":true,"href":"https:\/\/sacapa.org\/es\/wp-json\/wp\/v2\/users\/1"}],"replies":[{"embeddable":true,"href":"https:\/\/sacapa.org\/es\/wp-json\/wp\/v2\/comments?post=2965"}],"version-history":[{"count":2,"href":"https:\/\/sacapa.org\/es\/wp-json\/wp\/v2\/pages\/2965\/revisions"}],"predecessor-version":[{"id":3183,"href":"https:\/\/sacapa.org\/es\/wp-json\/wp\/v2\/pages\/2965\/revisions\/3183"}],"up":[{"embeddable":true,"href":"https:\/\/sacapa.org\/es\/wp-json\/wp\/v2\/pages\/2960"}],"wp:featuredmedia":[{"embeddable":true,"href":"https:\/\/sacapa.org\/es\/wp-json\/wp\/v2\/media\/3161"}],"wp:attachment":[{"href":"https:\/\/sacapa.org\/es\/wp-json\/wp\/v2\/media?parent=2965"}],"curies":[{"name":"wp","href":"https:\/\/api.w.org\/{rel}","templated":true}]}}