{"id":2966,"date":"2022-04-21T18:01:29","date_gmt":"2022-04-21T22:01:29","guid":{"rendered":"https:\/\/sacapa.org\/programa-de-comidas-comunitarias\/"},"modified":"2022-08-03T18:02:56","modified_gmt":"2022-08-03T18:02:56","slug":"programa-de-comidas-comunitarias","status":"publish","type":"page","link":"https:\/\/sacapa.org\/es\/programa-de-comidas-comunitarias\/","title":{"rendered":"Programa de Comidas comunitarias"},"content":{"rendered":"<p>SACA existe para elevar y restaurar comunidades marginadas a trav\u00e9s de servicios humanos, econ\u00f3micos y sociales, mientras apoya las identidades culturales. Una de las formas m\u00e1s significativas en que hacemos esto es a trav\u00e9s de nuestro Programa de Comidas Comunitarias, que ha estado en funcionamiento desde 2005.<\/p>\n<p>El COVID ha aumentado la inseguridad alimentaria dentro de nuestra comunidad y SACA se compromete a garantizar que aquellos que necesitan alimentos, compa\u00f1erismo y esperanza tengan acceso a recursos b\u00e1sicos que satisfagan estas necesidades. El Programa de Comidas Comunitarias proporciona 162 comidas diariamente. Esperamos que la necesidad siga creciendo a medida que el impacto sostenido de la pandemia ha exacerbado problemas como el subempleo, el desempleo y las disparidades de salud en nuestra comunidad.<\/p>\n","protected":false},"excerpt":{"rendered":"<p>SACA existe para elevar y restaurar comunidades marginadas a trav\u00e9s de servicios humanos, econ\u00f3micos y sociales, mientras apoya las identidades culturales. Una de las formas m\u00e1s significativas en que hacemos&#8230; <a class=\"read-more\" aria-label=\"Read more about Programa de Comidas comunitarias\" href=\"https:\/\/sacapa.org\/es\/programa-de-comidas-comunitarias\/\">Read More<\/a><\/p>\n","protected":false},"author":1,"featured_media":4221,"parent":0,"menu_order":0,"comment_status":"closed","ping_status":"closed","template":"page-programs.php","meta":{"_monsterinsights_skip_tracking":false,"_monsterinsights_sitenote_active":false,"_monsterinsights_sitenote_note":"","_monsterinsights_sitenote_category":0,"_uf_show_specific_survey":0,"_uf_disable_surveys":false,"footnotes":""},"class_list":["post-2966","page","type-page","status-publish","has-post-thumbnail","hentry"],"acf":[],"yoast_head":"<title>Programa de Comidas comunitarias - Spanish American Civic Association<\/title>\n<meta name=\"robots\" content=\"index, follow, max-snippet:-1, max-image-preview:large, max-video-preview:-1\" \/>\n<link rel=\"canonical\" href=\"https:\/\/sacapa.org\/es\/programa-de-comidas-comunitarias\/\" \/>\n<meta property=\"og:locale\" content=\"es_ES\" \/>\n<meta property=\"og:type\" content=\"article\" \/>\n<meta property=\"og:title\" content=\"Programa de Comidas comunitarias - Spanish American Civic Association\" \/>\n<meta property=\"og:description\" content=\"SACA existe para elevar y restaurar comunidades marginadas a trav\u00e9s de servicios humanos, econ\u00f3micos y sociales, mientras apoya las identidades culturales. Una de las formas m\u00e1s significativas en que hacemos... Read More\" \/>\n<meta property=\"og:url\" content=\"https:\/\/sacapa.org\/es\/programa-de-comidas-comunitarias\/\" \/>\n<meta property=\"og:site_name\" content=\"Spanish American Civic Association\" \/>\n<meta property=\"article:publisher\" content=\"https:\/\/www.facebook.com\/SACAPennsylvania\" \/>\n<meta property=\"article:modified_time\" content=\"2022-08-03T18:02:56+00:00\" \/>\n<meta property=\"og:image\" content=\"https:\/\/sacapa.org\/wp-content\/uploads\/2022\/04\/087A8230.jpg\" \/>\n\t<meta property=\"og:image:width\" content=\"1680\" \/>\n\t<meta property=\"og:image:height\" content=\"1120\" \/>\n\t<meta property=\"og:image:type\" content=\"image\/jpeg\" \/>\n<meta name=\"twitter:label1\" content=\"Tiempo de lectura\" \/>\n\t<meta name=\"twitter:data1\" content=\"1 minuto\" \/>\n<script type=\"application\/ld+json\" class=\"yoast-schema-graph\">{\"@context\":\"https:\/\/schema.org\",\"@graph\":[{\"@type\":\"WebPage\",\"@id\":\"https:\/\/sacapa.org\/es\/programa-de-comidas-comunitarias\/\",\"url\":\"https:\/\/sacapa.org\/es\/programa-de-comidas-comunitarias\/\",\"name\":\"Programa de Comidas comunitarias - Spanish American Civic Association\",\"isPartOf\":{\"@id\":\"https:\/\/sacapa.org\/es\/#website\"},\"primaryImageOfPage\":{\"@id\":\"https:\/\/sacapa.org\/es\/programa-de-comidas-comunitarias\/#primaryimage\"},\"image\":{\"@id\":\"https:\/\/sacapa.org\/es\/programa-de-comidas-comunitarias\/#primaryimage\"},\"thumbnailUrl\":\"https:\/\/sacapa.org\/wp-content\/uploads\/2024\/04\/Community-Meals.png\",\"datePublished\":\"2022-04-21T22:01:29+00:00\",\"dateModified\":\"2022-08-03T18:02:56+00:00\",\"breadcrumb\":{\"@id\":\"https:\/\/sacapa.org\/es\/programa-de-comidas-comunitarias\/#breadcrumb\"},\"inLanguage\":\"es\",\"potentialAction\":[{\"@type\":\"ReadAction\",\"target\":[\"https:\/\/sacapa.org\/es\/programa-de-comidas-comunitarias\/\"]}]},{\"@type\":\"ImageObject\",\"inLanguage\":\"es\",\"@id\":\"https:\/\/sacapa.org\/es\/programa-de-comidas-comunitarias\/#primaryimage\",\"url\":\"https:\/\/sacapa.org\/wp-content\/uploads\/2024\/04\/Community-Meals.png\",\"contentUrl\":\"https:\/\/sacapa.org\/wp-content\/uploads\/2024\/04\/Community-Meals.png\",\"width\":1800,\"height\":1200},{\"@type\":\"BreadcrumbList\",\"@id\":\"https:\/\/sacapa.org\/es\/programa-de-comidas-comunitarias\/#breadcrumb\",\"itemListElement\":[{\"@type\":\"ListItem\",\"position\":1,\"name\":\"Home\",\"item\":\"https:\/\/sacapa.org\/es\/\"},{\"@type\":\"ListItem\",\"position\":2,\"name\":\"Programa de Comidas comunitarias\"}]},{\"@type\":\"WebSite\",\"@id\":\"https:\/\/sacapa.org\/es\/#website\",\"url\":\"https:\/\/sacapa.org\/es\/\",\"name\":\"Spanish American Civic Association\",\"description\":\"See What&#039;s Possible\",\"publisher\":{\"@id\":\"https:\/\/sacapa.org\/es\/#organization\"},\"potentialAction\":[{\"@type\":\"SearchAction\",\"target\":{\"@type\":\"EntryPoint\",\"urlTemplate\":\"https:\/\/sacapa.org\/es\/?s={search_term_string}\"},\"query-input\":{\"@type\":\"PropertyValueSpecification\",\"valueRequired\":true,\"valueName\":\"search_term_string\"}}],\"inLanguage\":\"es\"},{\"@type\":\"Organization\",\"@id\":\"https:\/\/sacapa.org\/es\/#organization\",\"name\":\"Spanish American Civic Association\",\"url\":\"https:\/\/sacapa.org\/es\/\",\"logo\":{\"@type\":\"ImageObject\",\"inLanguage\":\"es\",\"@id\":\"https:\/\/sacapa.org\/es\/#\/schema\/logo\/image\/\",\"url\":\"https:\/\/sacapa.org\/wp-content\/uploads\/2022\/04\/logo-1.png\",\"contentUrl\":\"https:\/\/sacapa.org\/wp-content\/uploads\/2022\/04\/logo-1.png\",\"width\":320,\"height\":112,\"caption\":\"Spanish American Civic Association\"},\"image\":{\"@id\":\"https:\/\/sacapa.org\/es\/#\/schema\/logo\/image\/\"},\"sameAs\":[\"https:\/\/www.facebook.com\/SACAPennsylvania\",\"https:\/\/x.com\/sacalancaster\",\"https:\/\/www.linkedin.com\/company\/spanish-american-civic-association-saca-\/\"]}]}<\/script>","yoast_head_json":{"title":"Programa de Comidas comunitarias - Spanish American Civic Association","robots":{"index":"index","follow":"follow","max-snippet":"max-snippet:-1","max-image-preview":"max-image-preview:large","max-video-preview":"max-video-preview:-1"},"canonical":"https:\/\/sacapa.org\/es\/programa-de-comidas-comunitarias\/","og_locale":"es_ES","og_type":"article","og_title":"Programa de Comidas comunitarias - Spanish American Civic Association","og_description":"SACA existe para elevar y restaurar comunidades marginadas a trav\u00e9s de servicios humanos, econ\u00f3micos y sociales, mientras apoya las identidades culturales. Una de las formas m\u00e1s significativas en que hacemos... Read More","og_url":"https:\/\/sacapa.org\/es\/programa-de-comidas-comunitarias\/","og_site_name":"Spanish American Civic Association","article_publisher":"https:\/\/www.facebook.com\/SACAPennsylvania","article_modified_time":"2022-08-03T18:02:56+00:00","og_image":[{"width":1680,"height":1120,"url":"https:\/\/sacapa.org\/wp-content\/uploads\/2022\/04\/087A8230.jpg","type":"image\/jpeg"}],"twitter_misc":{"Tiempo de lectura":"1 minuto"},"schema":{"@context":"https:\/\/schema.org","@graph":[{"@type":"WebPage","@id":"https:\/\/sacapa.org\/es\/programa-de-comidas-comunitarias\/","url":"https:\/\/sacapa.org\/es\/programa-de-comidas-comunitarias\/","name":"Programa de Comidas comunitarias - Spanish American Civic Association","isPartOf":{"@id":"https:\/\/sacapa.org\/es\/#website"},"primaryImageOfPage":{"@id":"https:\/\/sacapa.org\/es\/programa-de-comidas-comunitarias\/#primaryimage"},"image":{"@id":"https:\/\/sacapa.org\/es\/programa-de-comidas-comunitarias\/#primaryimage"},"thumbnailUrl":"https:\/\/sacapa.org\/wp-content\/uploads\/2024\/04\/Community-Meals.png","datePublished":"2022-04-21T22:01:29+00:00","dateModified":"2022-08-03T18:02:56+00:00","breadcrumb":{"@id":"https:\/\/sacapa.org\/es\/programa-de-comidas-comunitarias\/#breadcrumb"},"inLanguage":"es","potentialAction":[{"@type":"ReadAction","target":["https:\/\/sacapa.org\/es\/programa-de-comidas-comunitarias\/"]}]},{"@type":"ImageObject","inLanguage":"es","@id":"https:\/\/sacapa.org\/es\/programa-de-comidas-comunitarias\/#primaryimage","url":"https:\/\/sacapa.org\/wp-content\/uploads\/2024\/04\/Community-Meals.png","contentUrl":"https:\/\/sacapa.org\/wp-content\/uploads\/2024\/04\/Community-Meals.png","width":1800,"height":1200},{"@type":"BreadcrumbList","@id":"https:\/\/sacapa.org\/es\/programa-de-comidas-comunitarias\/#breadcrumb","itemListElement":[{"@type":"ListItem","position":1,"name":"Home","item":"https:\/\/sacapa.org\/es\/"},{"@type":"ListItem","position":2,"name":"Programa de Comidas comunitarias"}]},{"@type":"WebSite","@id":"https:\/\/sacapa.org\/es\/#website","url":"https:\/\/sacapa.org\/es\/","name":"Spanish American Civic Association","description":"See What&#039;s Possible","publisher":{"@id":"https:\/\/sacapa.org\/es\/#organization"},"potentialAction":[{"@type":"SearchAction","target":{"@type":"EntryPoint","urlTemplate":"https:\/\/sacapa.org\/es\/?s={search_term_string}"},"query-input":{"@type":"PropertyValueSpecification","valueRequired":true,"valueName":"search_term_string"}}],"inLanguage":"es"},{"@type":"Organization","@id":"https:\/\/sacapa.org\/es\/#organization","name":"Spanish American Civic Association","url":"https:\/\/sacapa.org\/es\/","logo":{"@type":"ImageObject","inLanguage":"es","@id":"https:\/\/sacapa.org\/es\/#\/schema\/logo\/image\/","url":"https:\/\/sacapa.org\/wp-content\/uploads\/2022\/04\/logo-1.png","contentUrl":"https:\/\/sacapa.org\/wp-content\/uploads\/2022\/04\/logo-1.png","width":320,"height":112,"caption":"Spanish American Civic Association"},"image":{"@id":"https:\/\/sacapa.org\/es\/#\/schema\/logo\/image\/"},"sameAs":["https:\/\/www.facebook.com\/SACAPennsylvania","https:\/\/x.com\/sacalancaster","https:\/\/www.linkedin.com\/company\/spanish-american-civic-association-saca-\/"]}]}},"_links":{"self":[{"href":"https:\/\/sacapa.org\/es\/wp-json\/wp\/v2\/pages\/2966","targetHints":{"allow":["GET"]}}],"collection":[{"href":"https:\/\/sacapa.org\/es\/wp-json\/wp\/v2\/pages"}],"about":[{"href":"https:\/\/sacapa.org\/es\/wp-json\/wp\/v2\/types\/page"}],"author":[{"embeddable":true,"href":"https:\/\/sacapa.org\/es\/wp-json\/wp\/v2\/users\/1"}],"replies":[{"embeddable":true,"href":"https:\/\/sacapa.org\/es\/wp-json\/wp\/v2\/comments?post=2966"}],"version-history":[{"count":1,"href":"https:\/\/sacapa.org\/es\/wp-json\/wp\/v2\/pages\/2966\/revisions"}],"predecessor-version":[{"id":3178,"href":"https:\/\/sacapa.org\/es\/wp-json\/wp\/v2\/pages\/2966\/revisions\/3178"}],"wp:featuredmedia":[{"embeddable":true,"href":"https:\/\/sacapa.org\/es\/wp-json\/wp\/v2\/media\/4221"}],"wp:attachment":[{"href":"https:\/\/sacapa.org\/es\/wp-json\/wp\/v2\/media?parent=2966"}],"curies":[{"name":"wp","href":"https:\/\/api.w.org\/{rel}","templated":true}]}}