{"id":2967,"date":"2022-04-21T18:01:04","date_gmt":"2022-04-21T22:01:04","guid":{"rendered":"https:\/\/sacapa.org\/centro-de-envejeciente-luis-munos-marin\/"},"modified":"2022-08-03T18:09:54","modified_gmt":"2022-08-03T18:09:54","slug":"centro-de-envejeciente-luis-munos-marin","status":"publish","type":"page","link":"https:\/\/sacapa.org\/es\/centro-de-envejeciente-luis-munos-marin\/","title":{"rendered":"Centro de Envejeciente Luis Mu\u00f1os Mar\u00edn"},"content":{"rendered":"<p>Visite el Centro de Envejeciente Luis Mu\u00f1oz Mar\u00edn cualquier ma\u00f1ana de lunes a viernes y ver\u00e1 una comunidad animada en el centro de personas mayores de todo el condado de Lancaster. Ellos se re\u00fanen para un desayuno caliente, socializar un poco y tal vez un juego animado de domin\u00f3 o cartas.<\/p>\n<p>Todos los d\u00edas hay un calendario completo de cosas que hacer con actividades como noticias en espa\u00f1ol y grupos de conversaci\u00f3n, apoyo para la salud mental, bingo, yoga, estudio de la Biblia, apreciaci\u00f3n de la m\u00fasica, ejercicio y artes y manualidades. El personal siempre est\u00e1 disponible para ayudar con las necesidades b\u00e1sicas, los recursos y la educaci\u00f3n, la asistencia m\u00e9dica y servir como traductor o defensor. Tambi\u00e9n podemos ayudar a ubicar a las personas mayores con trabajos pagados o voluntarios para generar ingresos y mejorar su prop\u00f3sito en la comunidad.<\/p>\n","protected":false},"excerpt":{"rendered":"<p>Visite el Centro de Envejeciente Luis Mu\u00f1oz Mar\u00edn cualquier ma\u00f1ana de lunes a viernes y ver\u00e1 una comunidad animada en el centro de personas mayores de todo el condado de&#8230; <a class=\"read-more\" aria-label=\"Read more about Centro de Envejeciente Luis Mu\u00f1os Mar\u00edn\" href=\"https:\/\/sacapa.org\/es\/centro-de-envejeciente-luis-munos-marin\/\">Read More<\/a><\/p>\n","protected":false},"author":1,"featured_media":4246,"parent":0,"menu_order":3,"comment_status":"closed","ping_status":"closed","template":"page-programs.php","meta":{"_monsterinsights_skip_tracking":false,"_monsterinsights_sitenote_active":false,"_monsterinsights_sitenote_note":"","_monsterinsights_sitenote_category":0,"_uf_show_specific_survey":0,"_uf_disable_surveys":false,"footnotes":""},"class_list":["post-2967","page","type-page","status-publish","has-post-thumbnail","hentry"],"acf":[],"yoast_head":"<title>Centro de Envejeciente Luis Mu\u00f1os Mar\u00edn - Spanish American Civic Association<\/title>\n<meta name=\"robots\" content=\"index, follow, max-snippet:-1, max-image-preview:large, max-video-preview:-1\" \/>\n<link rel=\"canonical\" href=\"https:\/\/sacapa.org\/es\/centro-de-envejeciente-luis-munos-marin\/\" \/>\n<meta property=\"og:locale\" content=\"es_ES\" \/>\n<meta property=\"og:type\" content=\"article\" \/>\n<meta property=\"og:title\" content=\"Centro de Envejeciente Luis Mu\u00f1os Mar\u00edn - Spanish American Civic Association\" \/>\n<meta property=\"og:description\" content=\"Visite el Centro de Envejeciente Luis Mu\u00f1oz Mar\u00edn cualquier ma\u00f1ana de lunes a viernes y ver\u00e1 una comunidad animada en el centro de personas mayores de todo el condado de... Read More\" \/>\n<meta property=\"og:url\" content=\"https:\/\/sacapa.org\/es\/centro-de-envejeciente-luis-munos-marin\/\" \/>\n<meta property=\"og:site_name\" content=\"Spanish American Civic Association\" \/>\n<meta property=\"article:publisher\" content=\"https:\/\/www.facebook.com\/SACAPennsylvania\" \/>\n<meta property=\"article:modified_time\" content=\"2022-08-03T18:09:54+00:00\" \/>\n<meta property=\"og:image\" content=\"https:\/\/sacapa.org\/wp-content\/uploads\/2022\/07\/Centro-Hispano-2-scaled.jpg\" \/>\n\t<meta property=\"og:image:width\" content=\"2560\" \/>\n\t<meta property=\"og:image:height\" content=\"1920\" \/>\n\t<meta property=\"og:image:type\" content=\"image\/jpeg\" \/>\n<meta name=\"twitter:label1\" content=\"Tiempo de lectura\" \/>\n\t<meta name=\"twitter:data1\" content=\"1 minuto\" \/>\n<script type=\"application\/ld+json\" class=\"yoast-schema-graph\">{\"@context\":\"https:\/\/schema.org\",\"@graph\":[{\"@type\":\"WebPage\",\"@id\":\"https:\/\/sacapa.org\/es\/centro-de-envejeciente-luis-munos-marin\/\",\"url\":\"https:\/\/sacapa.org\/es\/centro-de-envejeciente-luis-munos-marin\/\",\"name\":\"Centro de Envejeciente Luis Mu\u00f1os Mar\u00edn - Spanish American Civic Association\",\"isPartOf\":{\"@id\":\"https:\/\/sacapa.org\/es\/#website\"},\"primaryImageOfPage\":{\"@id\":\"https:\/\/sacapa.org\/es\/centro-de-envejeciente-luis-munos-marin\/#primaryimage\"},\"image\":{\"@id\":\"https:\/\/sacapa.org\/es\/centro-de-envejeciente-luis-munos-marin\/#primaryimage\"},\"thumbnailUrl\":\"https:\/\/sacapa.org\/wp-content\/uploads\/2024\/04\/Centro-Hispano-3.png\",\"datePublished\":\"2022-04-21T22:01:04+00:00\",\"dateModified\":\"2022-08-03T18:09:54+00:00\",\"breadcrumb\":{\"@id\":\"https:\/\/sacapa.org\/es\/centro-de-envejeciente-luis-munos-marin\/#breadcrumb\"},\"inLanguage\":\"es\",\"potentialAction\":[{\"@type\":\"ReadAction\",\"target\":[\"https:\/\/sacapa.org\/es\/centro-de-envejeciente-luis-munos-marin\/\"]}]},{\"@type\":\"ImageObject\",\"inLanguage\":\"es\",\"@id\":\"https:\/\/sacapa.org\/es\/centro-de-envejeciente-luis-munos-marin\/#primaryimage\",\"url\":\"https:\/\/sacapa.org\/wp-content\/uploads\/2024\/04\/Centro-Hispano-3.png\",\"contentUrl\":\"https:\/\/sacapa.org\/wp-content\/uploads\/2024\/04\/Centro-Hispano-3.png\",\"width\":1800,\"height\":1200},{\"@type\":\"BreadcrumbList\",\"@id\":\"https:\/\/sacapa.org\/es\/centro-de-envejeciente-luis-munos-marin\/#breadcrumb\",\"itemListElement\":[{\"@type\":\"ListItem\",\"position\":1,\"name\":\"Home\",\"item\":\"https:\/\/sacapa.org\/es\/\"},{\"@type\":\"ListItem\",\"position\":2,\"name\":\"Centro de Envejeciente Luis Mu\u00f1os Mar\u00edn\"}]},{\"@type\":\"WebSite\",\"@id\":\"https:\/\/sacapa.org\/es\/#website\",\"url\":\"https:\/\/sacapa.org\/es\/\",\"name\":\"Spanish American Civic Association\",\"description\":\"See What&#039;s Possible\",\"publisher\":{\"@id\":\"https:\/\/sacapa.org\/es\/#organization\"},\"potentialAction\":[{\"@type\":\"SearchAction\",\"target\":{\"@type\":\"EntryPoint\",\"urlTemplate\":\"https:\/\/sacapa.org\/es\/?s={search_term_string}\"},\"query-input\":{\"@type\":\"PropertyValueSpecification\",\"valueRequired\":true,\"valueName\":\"search_term_string\"}}],\"inLanguage\":\"es\"},{\"@type\":\"Organization\",\"@id\":\"https:\/\/sacapa.org\/es\/#organization\",\"name\":\"Spanish American Civic Association\",\"url\":\"https:\/\/sacapa.org\/es\/\",\"logo\":{\"@type\":\"ImageObject\",\"inLanguage\":\"es\",\"@id\":\"https:\/\/sacapa.org\/es\/#\/schema\/logo\/image\/\",\"url\":\"https:\/\/sacapa.org\/wp-content\/uploads\/2022\/04\/logo-1.png\",\"contentUrl\":\"https:\/\/sacapa.org\/wp-content\/uploads\/2022\/04\/logo-1.png\",\"width\":320,\"height\":112,\"caption\":\"Spanish American Civic Association\"},\"image\":{\"@id\":\"https:\/\/sacapa.org\/es\/#\/schema\/logo\/image\/\"},\"sameAs\":[\"https:\/\/www.facebook.com\/SACAPennsylvania\",\"https:\/\/x.com\/sacalancaster\",\"https:\/\/www.linkedin.com\/company\/spanish-american-civic-association-saca-\/\"]}]}<\/script>","yoast_head_json":{"title":"Centro de Envejeciente Luis Mu\u00f1os Mar\u00edn - Spanish American Civic Association","robots":{"index":"index","follow":"follow","max-snippet":"max-snippet:-1","max-image-preview":"max-image-preview:large","max-video-preview":"max-video-preview:-1"},"canonical":"https:\/\/sacapa.org\/es\/centro-de-envejeciente-luis-munos-marin\/","og_locale":"es_ES","og_type":"article","og_title":"Centro de Envejeciente Luis Mu\u00f1os Mar\u00edn - Spanish American Civic Association","og_description":"Visite el Centro de Envejeciente Luis Mu\u00f1oz Mar\u00edn cualquier ma\u00f1ana de lunes a viernes y ver\u00e1 una comunidad animada en el centro de personas mayores de todo el condado de... Read More","og_url":"https:\/\/sacapa.org\/es\/centro-de-envejeciente-luis-munos-marin\/","og_site_name":"Spanish American Civic Association","article_publisher":"https:\/\/www.facebook.com\/SACAPennsylvania","article_modified_time":"2022-08-03T18:09:54+00:00","og_image":[{"width":2560,"height":1920,"url":"https:\/\/sacapa.org\/wp-content\/uploads\/2022\/07\/Centro-Hispano-2-scaled.jpg","type":"image\/jpeg"}],"twitter_misc":{"Tiempo de lectura":"1 minuto"},"schema":{"@context":"https:\/\/schema.org","@graph":[{"@type":"WebPage","@id":"https:\/\/sacapa.org\/es\/centro-de-envejeciente-luis-munos-marin\/","url":"https:\/\/sacapa.org\/es\/centro-de-envejeciente-luis-munos-marin\/","name":"Centro de Envejeciente Luis Mu\u00f1os Mar\u00edn - Spanish American Civic Association","isPartOf":{"@id":"https:\/\/sacapa.org\/es\/#website"},"primaryImageOfPage":{"@id":"https:\/\/sacapa.org\/es\/centro-de-envejeciente-luis-munos-marin\/#primaryimage"},"image":{"@id":"https:\/\/sacapa.org\/es\/centro-de-envejeciente-luis-munos-marin\/#primaryimage"},"thumbnailUrl":"https:\/\/sacapa.org\/wp-content\/uploads\/2024\/04\/Centro-Hispano-3.png","datePublished":"2022-04-21T22:01:04+00:00","dateModified":"2022-08-03T18:09:54+00:00","breadcrumb":{"@id":"https:\/\/sacapa.org\/es\/centro-de-envejeciente-luis-munos-marin\/#breadcrumb"},"inLanguage":"es","potentialAction":[{"@type":"ReadAction","target":["https:\/\/sacapa.org\/es\/centro-de-envejeciente-luis-munos-marin\/"]}]},{"@type":"ImageObject","inLanguage":"es","@id":"https:\/\/sacapa.org\/es\/centro-de-envejeciente-luis-munos-marin\/#primaryimage","url":"https:\/\/sacapa.org\/wp-content\/uploads\/2024\/04\/Centro-Hispano-3.png","contentUrl":"https:\/\/sacapa.org\/wp-content\/uploads\/2024\/04\/Centro-Hispano-3.png","width":1800,"height":1200},{"@type":"BreadcrumbList","@id":"https:\/\/sacapa.org\/es\/centro-de-envejeciente-luis-munos-marin\/#breadcrumb","itemListElement":[{"@type":"ListItem","position":1,"name":"Home","item":"https:\/\/sacapa.org\/es\/"},{"@type":"ListItem","position":2,"name":"Centro de Envejeciente Luis Mu\u00f1os Mar\u00edn"}]},{"@type":"WebSite","@id":"https:\/\/sacapa.org\/es\/#website","url":"https:\/\/sacapa.org\/es\/","name":"Spanish American Civic Association","description":"See What&#039;s Possible","publisher":{"@id":"https:\/\/sacapa.org\/es\/#organization"},"potentialAction":[{"@type":"SearchAction","target":{"@type":"EntryPoint","urlTemplate":"https:\/\/sacapa.org\/es\/?s={search_term_string}"},"query-input":{"@type":"PropertyValueSpecification","valueRequired":true,"valueName":"search_term_string"}}],"inLanguage":"es"},{"@type":"Organization","@id":"https:\/\/sacapa.org\/es\/#organization","name":"Spanish American Civic Association","url":"https:\/\/sacapa.org\/es\/","logo":{"@type":"ImageObject","inLanguage":"es","@id":"https:\/\/sacapa.org\/es\/#\/schema\/logo\/image\/","url":"https:\/\/sacapa.org\/wp-content\/uploads\/2022\/04\/logo-1.png","contentUrl":"https:\/\/sacapa.org\/wp-content\/uploads\/2022\/04\/logo-1.png","width":320,"height":112,"caption":"Spanish American Civic Association"},"image":{"@id":"https:\/\/sacapa.org\/es\/#\/schema\/logo\/image\/"},"sameAs":["https:\/\/www.facebook.com\/SACAPennsylvania","https:\/\/x.com\/sacalancaster","https:\/\/www.linkedin.com\/company\/spanish-american-civic-association-saca-\/"]}]}},"_links":{"self":[{"href":"https:\/\/sacapa.org\/es\/wp-json\/wp\/v2\/pages\/2967","targetHints":{"allow":["GET"]}}],"collection":[{"href":"https:\/\/sacapa.org\/es\/wp-json\/wp\/v2\/pages"}],"about":[{"href":"https:\/\/sacapa.org\/es\/wp-json\/wp\/v2\/types\/page"}],"author":[{"embeddable":true,"href":"https:\/\/sacapa.org\/es\/wp-json\/wp\/v2\/users\/1"}],"replies":[{"embeddable":true,"href":"https:\/\/sacapa.org\/es\/wp-json\/wp\/v2\/comments?post=2967"}],"version-history":[{"count":1,"href":"https:\/\/sacapa.org\/es\/wp-json\/wp\/v2\/pages\/2967\/revisions"}],"predecessor-version":[{"id":3184,"href":"https:\/\/sacapa.org\/es\/wp-json\/wp\/v2\/pages\/2967\/revisions\/3184"}],"wp:featuredmedia":[{"embeddable":true,"href":"https:\/\/sacapa.org\/es\/wp-json\/wp\/v2\/media\/4246"}],"wp:attachment":[{"href":"https:\/\/sacapa.org\/es\/wp-json\/wp\/v2\/media?parent=2967"}],"curies":[{"name":"wp","href":"https:\/\/api.w.org\/{rel}","templated":true}]}}