{"id":3186,"date":"2022-04-14T00:22:38","date_gmt":"2022-04-14T04:22:38","guid":{"rendered":"https:\/\/sacapa.org\/contacta-con-nosotros\/"},"modified":"2022-04-14T00:22:38","modified_gmt":"2022-04-14T00:22:38","slug":"contacta-con-nosotros","status":"publish","type":"page","link":"https:\/\/sacapa.org\/es\/contacta-con-nosotros\/","title":{"rendered":"Contacta con nosotros"},"content":{"rendered":"<h3>Asociaci\u00f3n C\u00edvica Hispanoamericana (SACA) Centro para personas mayores y comidas comunitarias<\/h3>\n<p>545 Pershing Avenue<br \/>\nLancaster, PA 17602<br \/>\n(717) 397-6267<br \/>\nFax: (717) 295-7762<br \/>\n<a href=\"mailto:info@sacapa.org\">info@sacapa.org<\/a><\/p>\n<h3>SACA Radiodifusi\u00f3n &amp; Tele Centro TV<\/h3>\n<p>453 S. Lime St., Suite D<br \/>\nLancaster, PA 17602<br \/>\n(717) 295-7996<br \/>\n<a href=\"https:\/\/www.wlchradio.org\">www.WLCHradio.org<\/a><br \/>\n<a href=\"mailto:cgaldamez@sacapa.org\">cgaldamez@sacapa.org<\/a><\/p>\n<h3>SACA Corporaci\u00f3n de Desarrollo<\/h3>\n<p>453 South Lime St., Suite B<br \/>\nLancaster, PA 17602<br \/>\n(717) 509-0762<br \/>\n<a href=\"mailto:rglover@sacapa.org\">rglover@sacapa.org<\/a><\/p>\n<h3>Tec Centro &amp; Cafe Centro<\/h3>\n<p>102 Chester Street<br \/>\nLancaster, PA 17602<br \/>\n(717) 509-6679<br \/>\nMarlyn Barbosa, Director de programa<br \/>\n<a href=\"mailto:mbarbosa@sacapa.org\">mbarbosa@sacapa.org<\/a><\/p>\n<h3>SACA Servicios de prevenci\u00f3n de drogas y alcohol<\/h3>\n<p>(717) 509-7792<\/p>\n<h3>Nuestra Vida Casa de recuperaci\u00f3n<\/h3>\n<p>229 Hazel Street<br \/>\nLancaster, PA 17603<br \/>\n(717) 333-9270<\/p>\n<p>Horas de operaci\u00f3n: M-F 8:30 AM \u2013 5:00 PM<\/p>\n<p>Las admisiones, la prestaci\u00f3n de servicios y las referencias de clientes se realizar\u00e1n sin distinci\u00f3n de raza, color, credo religioso, discapacidad, ascendencia, origen nacional, dominio limitado del ingl\u00e9s, edad, orientaci\u00f3n sexual u orientaci\u00f3n sexual percibida, identidad de g\u00e9nero o sexo.<\/p>\n","protected":false},"excerpt":{"rendered":"<p>Asociaci\u00f3n C\u00edvica Hispanoamericana (SACA) Centro para personas mayores y comidas comunitarias 545 Pershing Avenue Lancaster, PA 17602 (717) 397-6267 Fax: (717) 295-7762 info@sacapa.org SACA Radiodifusi\u00f3n &amp; Tele Centro TV 453&#8230; <a class=\"read-more\" aria-label=\"Read more about Contacta con nosotros\" href=\"https:\/\/sacapa.org\/es\/contacta-con-nosotros\/\">Read More<\/a><\/p>\n","protected":false},"author":1,"featured_media":0,"parent":0,"menu_order":6,"comment_status":"closed","ping_status":"closed","template":"page-two-cols.php","meta":{"_monsterinsights_skip_tracking":false,"_monsterinsights_sitenote_active":false,"_monsterinsights_sitenote_note":"","_monsterinsights_sitenote_category":0,"_uf_show_specific_survey":0,"_uf_disable_surveys":false,"footnotes":""},"class_list":["post-3186","page","type-page","status-publish","hentry"],"acf":[],"yoast_head":"<title>Contacta con nosotros - Spanish American Civic Association<\/title>\n<meta name=\"robots\" content=\"index, follow, max-snippet:-1, max-image-preview:large, max-video-preview:-1\" \/>\n<link rel=\"canonical\" href=\"https:\/\/sacapa.org\/es\/contacta-con-nosotros\/\" \/>\n<meta property=\"og:locale\" content=\"es_ES\" \/>\n<meta property=\"og:type\" content=\"article\" \/>\n<meta property=\"og:title\" content=\"Contacta con nosotros - Spanish American Civic Association\" \/>\n<meta property=\"og:description\" content=\"Asociaci\u00f3n C\u00edvica Hispanoamericana (SACA) Centro para personas mayores y comidas comunitarias 545 Pershing Avenue Lancaster, PA 17602 (717) 397-6267 Fax: (717) 295-7762 info@sacapa.org SACA Radiodifusi\u00f3n &amp; Tele Centro TV 453... Read More\" \/>\n<meta property=\"og:url\" content=\"https:\/\/sacapa.org\/es\/contacta-con-nosotros\/\" \/>\n<meta property=\"og:site_name\" content=\"Spanish American Civic Association\" \/>\n<meta property=\"article:publisher\" content=\"https:\/\/www.facebook.com\/SACAPennsylvania\" \/>\n<meta property=\"article:modified_time\" content=\"2022-04-14T00:22:38+00:00\" \/>\n<meta name=\"twitter:label1\" content=\"Tiempo de lectura\" \/>\n\t<meta name=\"twitter:data1\" content=\"1 minuto\" \/>\n<script type=\"application\/ld+json\" class=\"yoast-schema-graph\">{\"@context\":\"https:\/\/schema.org\",\"@graph\":[{\"@type\":\"WebPage\",\"@id\":\"https:\/\/sacapa.org\/es\/contacta-con-nosotros\/\",\"url\":\"https:\/\/sacapa.org\/es\/contacta-con-nosotros\/\",\"name\":\"Contacta con nosotros - Spanish American Civic Association\",\"isPartOf\":{\"@id\":\"https:\/\/sacapa.org\/es\/#website\"},\"datePublished\":\"2022-04-14T04:22:38+00:00\",\"dateModified\":\"2022-04-14T00:22:38+00:00\",\"breadcrumb\":{\"@id\":\"https:\/\/sacapa.org\/es\/contacta-con-nosotros\/#breadcrumb\"},\"inLanguage\":\"es\",\"potentialAction\":[{\"@type\":\"ReadAction\",\"target\":[\"https:\/\/sacapa.org\/es\/contacta-con-nosotros\/\"]}]},{\"@type\":\"BreadcrumbList\",\"@id\":\"https:\/\/sacapa.org\/es\/contacta-con-nosotros\/#breadcrumb\",\"itemListElement\":[{\"@type\":\"ListItem\",\"position\":1,\"name\":\"Home\",\"item\":\"https:\/\/sacapa.org\/es\/\"},{\"@type\":\"ListItem\",\"position\":2,\"name\":\"Contacta con nosotros\"}]},{\"@type\":\"WebSite\",\"@id\":\"https:\/\/sacapa.org\/es\/#website\",\"url\":\"https:\/\/sacapa.org\/es\/\",\"name\":\"Spanish American Civic Association\",\"description\":\"See What&#039;s Possible\",\"publisher\":{\"@id\":\"https:\/\/sacapa.org\/es\/#organization\"},\"potentialAction\":[{\"@type\":\"SearchAction\",\"target\":{\"@type\":\"EntryPoint\",\"urlTemplate\":\"https:\/\/sacapa.org\/es\/?s={search_term_string}\"},\"query-input\":{\"@type\":\"PropertyValueSpecification\",\"valueRequired\":true,\"valueName\":\"search_term_string\"}}],\"inLanguage\":\"es\"},{\"@type\":\"Organization\",\"@id\":\"https:\/\/sacapa.org\/es\/#organization\",\"name\":\"Spanish American Civic Association\",\"url\":\"https:\/\/sacapa.org\/es\/\",\"logo\":{\"@type\":\"ImageObject\",\"inLanguage\":\"es\",\"@id\":\"https:\/\/sacapa.org\/es\/#\/schema\/logo\/image\/\",\"url\":\"https:\/\/sacapa.org\/wp-content\/uploads\/2022\/04\/logo-1.png\",\"contentUrl\":\"https:\/\/sacapa.org\/wp-content\/uploads\/2022\/04\/logo-1.png\",\"width\":320,\"height\":112,\"caption\":\"Spanish American Civic Association\"},\"image\":{\"@id\":\"https:\/\/sacapa.org\/es\/#\/schema\/logo\/image\/\"},\"sameAs\":[\"https:\/\/www.facebook.com\/SACAPennsylvania\",\"https:\/\/x.com\/sacalancaster\",\"https:\/\/www.linkedin.com\/company\/spanish-american-civic-association-saca-\/\"]}]}<\/script>","yoast_head_json":{"title":"Contacta con nosotros - Spanish American Civic Association","robots":{"index":"index","follow":"follow","max-snippet":"max-snippet:-1","max-image-preview":"max-image-preview:large","max-video-preview":"max-video-preview:-1"},"canonical":"https:\/\/sacapa.org\/es\/contacta-con-nosotros\/","og_locale":"es_ES","og_type":"article","og_title":"Contacta con nosotros - Spanish American Civic Association","og_description":"Asociaci\u00f3n C\u00edvica Hispanoamericana (SACA) Centro para personas mayores y comidas comunitarias 545 Pershing Avenue Lancaster, PA 17602 (717) 397-6267 Fax: (717) 295-7762 info@sacapa.org SACA Radiodifusi\u00f3n &amp; Tele Centro TV 453... Read More","og_url":"https:\/\/sacapa.org\/es\/contacta-con-nosotros\/","og_site_name":"Spanish American Civic Association","article_publisher":"https:\/\/www.facebook.com\/SACAPennsylvania","article_modified_time":"2022-04-14T00:22:38+00:00","twitter_misc":{"Tiempo de lectura":"1 minuto"},"schema":{"@context":"https:\/\/schema.org","@graph":[{"@type":"WebPage","@id":"https:\/\/sacapa.org\/es\/contacta-con-nosotros\/","url":"https:\/\/sacapa.org\/es\/contacta-con-nosotros\/","name":"Contacta con nosotros - Spanish American Civic Association","isPartOf":{"@id":"https:\/\/sacapa.org\/es\/#website"},"datePublished":"2022-04-14T04:22:38+00:00","dateModified":"2022-04-14T00:22:38+00:00","breadcrumb":{"@id":"https:\/\/sacapa.org\/es\/contacta-con-nosotros\/#breadcrumb"},"inLanguage":"es","potentialAction":[{"@type":"ReadAction","target":["https:\/\/sacapa.org\/es\/contacta-con-nosotros\/"]}]},{"@type":"BreadcrumbList","@id":"https:\/\/sacapa.org\/es\/contacta-con-nosotros\/#breadcrumb","itemListElement":[{"@type":"ListItem","position":1,"name":"Home","item":"https:\/\/sacapa.org\/es\/"},{"@type":"ListItem","position":2,"name":"Contacta con nosotros"}]},{"@type":"WebSite","@id":"https:\/\/sacapa.org\/es\/#website","url":"https:\/\/sacapa.org\/es\/","name":"Spanish American Civic Association","description":"See What&#039;s Possible","publisher":{"@id":"https:\/\/sacapa.org\/es\/#organization"},"potentialAction":[{"@type":"SearchAction","target":{"@type":"EntryPoint","urlTemplate":"https:\/\/sacapa.org\/es\/?s={search_term_string}"},"query-input":{"@type":"PropertyValueSpecification","valueRequired":true,"valueName":"search_term_string"}}],"inLanguage":"es"},{"@type":"Organization","@id":"https:\/\/sacapa.org\/es\/#organization","name":"Spanish American Civic Association","url":"https:\/\/sacapa.org\/es\/","logo":{"@type":"ImageObject","inLanguage":"es","@id":"https:\/\/sacapa.org\/es\/#\/schema\/logo\/image\/","url":"https:\/\/sacapa.org\/wp-content\/uploads\/2022\/04\/logo-1.png","contentUrl":"https:\/\/sacapa.org\/wp-content\/uploads\/2022\/04\/logo-1.png","width":320,"height":112,"caption":"Spanish American Civic Association"},"image":{"@id":"https:\/\/sacapa.org\/es\/#\/schema\/logo\/image\/"},"sameAs":["https:\/\/www.facebook.com\/SACAPennsylvania","https:\/\/x.com\/sacalancaster","https:\/\/www.linkedin.com\/company\/spanish-american-civic-association-saca-\/"]}]}},"_links":{"self":[{"href":"https:\/\/sacapa.org\/es\/wp-json\/wp\/v2\/pages\/3186","targetHints":{"allow":["GET"]}}],"collection":[{"href":"https:\/\/sacapa.org\/es\/wp-json\/wp\/v2\/pages"}],"about":[{"href":"https:\/\/sacapa.org\/es\/wp-json\/wp\/v2\/types\/page"}],"author":[{"embeddable":true,"href":"https:\/\/sacapa.org\/es\/wp-json\/wp\/v2\/users\/1"}],"replies":[{"embeddable":true,"href":"https:\/\/sacapa.org\/es\/wp-json\/wp\/v2\/comments?post=3186"}],"version-history":[{"count":0,"href":"https:\/\/sacapa.org\/es\/wp-json\/wp\/v2\/pages\/3186\/revisions"}],"wp:attachment":[{"href":"https:\/\/sacapa.org\/es\/wp-json\/wp\/v2\/media?parent=3186"}],"curies":[{"name":"wp","href":"https:\/\/api.w.org\/{rel}","templated":true}]}}